{"id":513,"date":"2024-06-20T15:49:39","date_gmt":"2024-06-20T13:49:39","guid":{"rendered":"https:\/\/villaicaria.com\/spaces\/"},"modified":"2024-10-09T14:06:51","modified_gmt":"2024-10-09T12:06:51","slug":"spaces","status":"publish","type":"page","link":"https:\/\/villaicaria.com\/en\/spaces\/","title":{"rendered":"Spaces"},"content":{"rendered":"<div class=\"wpb-content-wrapper\">[vc_row thb_full_width=&#8221;true&#8221; thb_row_padding=&#8221;true&#8221; content_placement=&#8221;top&#8221;][vc_column]\t<div id=\"thb-image-69e428e02ca9b\" class=\"caption-style1  aligncenter full hero-image thb_image_link wp-caption \">\r\n\t  \t\t\t<div class=\"thb-image-inner size_100\">\r\n\t\t\t\t<img loading=\"lazy\" decoding=\"async\" width=\"1920\" height=\"1080\" src=\"https:\/\/villaicaria.com\/wp-content\/uploads\/2024\/06\/Villa-Icaria-Hero-Espacios.webp\" class=\"thb_image   attachment-full\" alt=\"\" title=\"Villa-Icaria-Hero-Espacios\" srcset=\"https:\/\/villaicaria.com\/wp-content\/uploads\/2024\/06\/Villa-Icaria-Hero-Espacios.webp 1920w, https:\/\/villaicaria.com\/wp-content\/uploads\/2024\/06\/Villa-Icaria-Hero-Espacios-600x338.webp 600w, https:\/\/villaicaria.com\/wp-content\/uploads\/2024\/06\/Villa-Icaria-Hero-Espacios-768x432.webp 768w, https:\/\/villaicaria.com\/wp-content\/uploads\/2024\/06\/Villa-Icaria-Hero-Espacios-1536x864.webp 1536w, https:\/\/villaicaria.com\/wp-content\/uploads\/2024\/06\/Villa-Icaria-Hero-Espacios-300x169.webp 300w, https:\/\/villaicaria.com\/wp-content\/uploads\/2024\/06\/Villa-Icaria-Hero-Espacios-20x11.webp 20w, https:\/\/villaicaria.com\/wp-content\/uploads\/2024\/06\/Villa-Icaria-Hero-Espacios-150x84.webp 150w, https:\/\/villaicaria.com\/wp-content\/uploads\/2024\/06\/Villa-Icaria-Hero-Espacios-900x506.webp 900w\" sizes=\"auto, (max-width: 1920px) 100vw, 1920px\" \/>\t\t\t\t\t\t\t<\/div>\r\n\t\t\t\t\t\t\t\t\t<div class=\"thb-image-content\">\r\n\t\t\ta house to enjoy\t\t\t<\/div>\r\n\t\t\t\t\t<\/div>\r\n\t[\/vc_column][\/vc_row][vc_row el_class=&#8221;page-titular&#8221;][vc_column animation=&#8221;animation bottom-to-top&#8221;][vc_column_text css=&#8221;&#8221;]\n<h1>The house is built around two courtyards; the first welcomes us upon arrival and organizes the shadows, the second opens to the sun and the landscape. All the spaces are shaped according to their relationship with these courtyards and with the exceptional view of the river and the mountains that surround it. <\/h1>\n[\/vc_column_text][\/vc_column][\/vc_row][vc_row][vc_column animation=&#8221;animation bottom-to-top&#8221;][vc_media_grid element_width=&#8221;3&#8243; gap=&#8221;10&#8243; css=&#8221;&#8221; initial_loading_animation=&#8221;slideInUp&#8221; grid_id=&#8221;vc_gid:1718960593557-8955c8fc-ad8e-8&#8243; include=&#8221;412,413,414,415&#8243;][\/vc_column][\/vc_row][vc_row el_class=&#8221;page-titular&#8221;][vc_column animation=&#8221;animation bottom-to-top&#8221;][vc_column_text css=&#8221;&#8221;]\n<h4>An ecological and committed architecture, powered by photovoltaic energy, with underfloor heating and insulation made of natural materials. An infinity pool connects the garden and the house with the river, creating a continuous plane of turquoise water typical of this area. <\/h4>\n[\/vc_column_text]\t<div id=\"thb-image-69e428e02d203\" class=\"caption-style1  aligncenter  dibujo thb_image_link wp-caption \">\r\n\t  \t\t\t<div class=\"thb-image-inner size_100\">\r\n\t\t\t\t<img loading=\"lazy\" decoding=\"async\" width=\"1732\" height=\"600\" src=\"https:\/\/villaicaria.com\/wp-content\/uploads\/2024\/06\/Villa-Icaria-Espacios-Exterior-06.webp\" class=\"thb_image   attachment-full\" alt=\"\" title=\"Villa-Icaria-Espacios-Exterior-06\" srcset=\"https:\/\/villaicaria.com\/wp-content\/uploads\/2024\/06\/Villa-Icaria-Espacios-Exterior-06.webp 1732w, https:\/\/villaicaria.com\/wp-content\/uploads\/2024\/06\/Villa-Icaria-Espacios-Exterior-06-600x208.webp 600w, https:\/\/villaicaria.com\/wp-content\/uploads\/2024\/06\/Villa-Icaria-Espacios-Exterior-06-768x266.webp 768w, https:\/\/villaicaria.com\/wp-content\/uploads\/2024\/06\/Villa-Icaria-Espacios-Exterior-06-1536x532.webp 1536w, https:\/\/villaicaria.com\/wp-content\/uploads\/2024\/06\/Villa-Icaria-Espacios-Exterior-06-300x104.webp 300w, https:\/\/villaicaria.com\/wp-content\/uploads\/2024\/06\/Villa-Icaria-Espacios-Exterior-06-150x52.webp 150w, https:\/\/villaicaria.com\/wp-content\/uploads\/2024\/06\/Villa-Icaria-Espacios-Exterior-06-900x312.webp 900w, https:\/\/villaicaria.com\/wp-content\/uploads\/2024\/06\/Villa-Icaria-Espacios-Exterior-06-20x7.webp 20w\" sizes=\"auto, (max-width: 1732px) 100vw, 1732px\" \/>\t\t\t\t\t\t\t<\/div>\r\n\t\t\t\t\t\t\t\t\t<\/div>\r\n\t[\/vc_column][\/vc_row][vc_row][vc_column animation=&#8221;animation bottom-to-top&#8221;][vc_media_grid element_width=&#8221;3&#8243; gap=&#8221;10&#8243; css=&#8221;&#8221; initial_loading_animation=&#8221;slideInUp&#8221; grid_id=&#8221;vc_gid:1718960593560-cd40df13-f3d4-5&#8243; include=&#8221;417,418,419,420&#8243;][\/vc_column][\/vc_row][vc_row el_class=&#8221;page-titular&#8221; css=&#8221;.vc_custom_1718889170353{margin-bottom: -100px !important;}&#8221;][vc_column animation=&#8221;animation bottom-to-top&#8221;][vc_column_text css=&#8221;&#8221;]\n<h4>The living room is a large volume with a fireplace, a built-in sofa embraces us and shapes the space. These elements create a unique intimacy, where all the power of the landscape penetrates through a nine-square-meter window. Another window directly illuminates a library in the depths, creating an almost theatrical atmosphere of chiaroscuro where scene and observers merge.  <\/h4>\n[\/vc_column_text]\t<div id=\"thb-image-69e428e02d8bf\" class=\"caption-style1  aligncenter  dibujo thb_image_link wp-caption \">\r\n\t  \t\t\t<div class=\"thb-image-inner size_100\">\r\n\t\t\t\t<img loading=\"lazy\" decoding=\"async\" width=\"1354\" height=\"600\" src=\"https:\/\/villaicaria.com\/wp-content\/uploads\/2024\/06\/Villa-Icaria-Espacios-Salon-06.webp\" class=\"thb_image   attachment-full\" alt=\"\" title=\"Villa-Icaria-Espacios-Salon-06\" srcset=\"https:\/\/villaicaria.com\/wp-content\/uploads\/2024\/06\/Villa-Icaria-Espacios-Salon-06.webp 1354w, https:\/\/villaicaria.com\/wp-content\/uploads\/2024\/06\/Villa-Icaria-Espacios-Salon-06-600x266.webp 600w, https:\/\/villaicaria.com\/wp-content\/uploads\/2024\/06\/Villa-Icaria-Espacios-Salon-06-768x340.webp 768w, https:\/\/villaicaria.com\/wp-content\/uploads\/2024\/06\/Villa-Icaria-Espacios-Salon-06-300x133.webp 300w, https:\/\/villaicaria.com\/wp-content\/uploads\/2024\/06\/Villa-Icaria-Espacios-Salon-06-20x9.webp 20w, https:\/\/villaicaria.com\/wp-content\/uploads\/2024\/06\/Villa-Icaria-Espacios-Salon-06-150x66.webp 150w, https:\/\/villaicaria.com\/wp-content\/uploads\/2024\/06\/Villa-Icaria-Espacios-Salon-06-900x399.webp 900w\" sizes=\"auto, (max-width: 1354px) 100vw, 1354px\" \/>\t\t\t\t\t\t\t<\/div>\r\n\t\t\t\t\t\t\t\t\t<\/div>\r\n\t[\/vc_column][\/vc_row][vc_row el_class=&#8221;page-titular&#8221;][vc_column animation=&#8221;animation bottom-to-top&#8221;][vc_column_text css=&#8221;&#8221;]\n<h1>The limestone construction connects with the building traditions of the area. Each volume creates a typology of space, some become caves where one can take refuge without losing connection with the environment and others are completely fluid open spaces, which function as a visual transition between different areas of the garden. <\/h1>\n[\/vc_column_text][\/vc_column][\/vc_row][vc_row][vc_column animation=&#8221;animation bottom-to-top&#8221;][vc_media_grid element_width=&#8221;3&#8243; gap=&#8221;10&#8243; css=&#8221;&#8221; initial_loading_animation=&#8221;slideInUp&#8221; grid_id=&#8221;vc_gid:1718960593567-e1f7eefc-779b-6&#8243; include=&#8221;422,425,424,423&#8243;][\/vc_column][\/vc_row][vc_row el_class=&#8221;page-titular&#8221;][vc_column animation=&#8221;animation bottom-to-top&#8221;][vc_column_text css=&#8221;&#8221;]\n<h4>The dining room&#8217;s protagonist is the large table with capacity for sixteen people comfortably seated. The unique piece, designed by Bruno Mathsson based on the super-ellipse in the 1960s, is revived for this completely permeable space. The dining room functions as a threshold between the entrance patio and the pool.  <\/h4>\n[\/vc_column_text]\t<div id=\"thb-image-69e428e02df21\" class=\"caption-style1  aligncenter  dibujo thb_image_link wp-caption \">\r\n\t  \t\t\t<div class=\"thb-image-inner size_100\">\r\n\t\t\t\t<img loading=\"lazy\" decoding=\"async\" width=\"975\" height=\"600\" src=\"https:\/\/villaicaria.com\/wp-content\/uploads\/2024\/06\/Villa-Icaria-Espacios-Comedor-05.webp\" class=\"thb_image   attachment-full\" alt=\"\" title=\"Villa-Icaria-Espacios-Comedor-05\" srcset=\"https:\/\/villaicaria.com\/wp-content\/uploads\/2024\/06\/Villa-Icaria-Espacios-Comedor-05.webp 975w, https:\/\/villaicaria.com\/wp-content\/uploads\/2024\/06\/Villa-Icaria-Espacios-Comedor-05-600x369.webp 600w, https:\/\/villaicaria.com\/wp-content\/uploads\/2024\/06\/Villa-Icaria-Espacios-Comedor-05-768x473.webp 768w, https:\/\/villaicaria.com\/wp-content\/uploads\/2024\/06\/Villa-Icaria-Espacios-Comedor-05-300x185.webp 300w, https:\/\/villaicaria.com\/wp-content\/uploads\/2024\/06\/Villa-Icaria-Espacios-Comedor-05-150x92.webp 150w, https:\/\/villaicaria.com\/wp-content\/uploads\/2024\/06\/Villa-Icaria-Espacios-Comedor-05-900x554.webp 900w, https:\/\/villaicaria.com\/wp-content\/uploads\/2024\/06\/Villa-Icaria-Espacios-Comedor-05-20x13.webp 20w\" sizes=\"auto, (max-width: 975px) 100vw, 975px\" \/>\t\t\t\t\t\t\t<\/div>\r\n\t\t\t\t\t\t\t\t\t<\/div>\r\n\t[\/vc_column][\/vc_row][vc_row][vc_column animation=&#8221;animation bottom-to-top&#8221;][vc_media_grid element_width=&#8221;3&#8243; gap=&#8221;10&#8243; css=&#8221;&#8221; initial_loading_animation=&#8221;slideInUp&#8221; grid_id=&#8221;vc_gid:1718960593575-00c32380-88f2-8&#8243; include=&#8221;427,428,429,430,431,432,433,434&#8243;][\/vc_column][\/vc_row][vc_row el_class=&#8221;page-titular&#8221;][vc_column animation=&#8221;animation bottom-to-top&#8221;][vc_column_text css=&#8221;&#8221;]\n<h4>The kitchen, fully equipped, creates an area to share an aperitif in a casual way around the wooden and ceramic table. It can also be converted into an open space and transit at the time of a large party that requires greater movement between the dining room and the west patio. <\/h4>\n[\/vc_column_text]\t<div id=\"thb-image-69e428e02e576\" class=\"caption-style1  aligncenter  dibujo thb_image_link wp-caption \">\r\n\t  \t\t\t<div class=\"thb-image-inner size_100\">\r\n\t\t\t\t<img loading=\"lazy\" decoding=\"async\" width=\"1050\" height=\"600\" src=\"https:\/\/villaicaria.com\/wp-content\/uploads\/2024\/06\/Villa-Icaria-Espacios-Cocina-09.webp\" class=\"thb_image   attachment-full\" alt=\"\" title=\"Villa-Icaria-Espacios-Cocina-09\" srcset=\"https:\/\/villaicaria.com\/wp-content\/uploads\/2024\/06\/Villa-Icaria-Espacios-Cocina-09.webp 1050w, https:\/\/villaicaria.com\/wp-content\/uploads\/2024\/06\/Villa-Icaria-Espacios-Cocina-09-600x343.webp 600w, https:\/\/villaicaria.com\/wp-content\/uploads\/2024\/06\/Villa-Icaria-Espacios-Cocina-09-768x439.webp 768w, https:\/\/villaicaria.com\/wp-content\/uploads\/2024\/06\/Villa-Icaria-Espacios-Cocina-09-300x171.webp 300w, https:\/\/villaicaria.com\/wp-content\/uploads\/2024\/06\/Villa-Icaria-Espacios-Cocina-09-20x11.webp 20w, https:\/\/villaicaria.com\/wp-content\/uploads\/2024\/06\/Villa-Icaria-Espacios-Cocina-09-150x86.webp 150w, https:\/\/villaicaria.com\/wp-content\/uploads\/2024\/06\/Villa-Icaria-Espacios-Cocina-09-900x514.webp 900w\" sizes=\"auto, (max-width: 1050px) 100vw, 1050px\" \/>\t\t\t\t\t\t\t<\/div>\r\n\t\t\t\t\t\t\t\t\t<\/div>\r\n\t[\/vc_column][\/vc_row][vc_row][vc_column animation=&#8221;animation bottom-to-top&#8221;][vc_media_grid element_width=&#8221;3&#8243; gap=&#8221;10&#8243; css=&#8221;&#8221; initial_loading_animation=&#8221;slideInUp&#8221; grid_id=&#8221;vc_gid:1718960593609-c79e8208-c1c8-7&#8243; include=&#8221;436,437,438,439&#8243;][\/vc_column][\/vc_row][vc_row el_class=&#8221;page-titular&#8221;][vc_column animation=&#8221;animation bottom-to-top&#8221;][vc_column_text css=&#8221;&#8221;]\n<h4>The workshop is a sensory watchtower, open to the landscape and to any use. It can easily accommodate a yoga class, a ceramics or painting workshop, a cinema room, a meeting room. When you open the window it becomes an extension of the garden where you can enjoy a cocktail at sunset, watching the sun reflected in the waters of the river.  <\/h4>\n[\/vc_column_text]\t<div id=\"thb-image-69e428e02ebb3\" class=\"caption-style1  aligncenter  dibujo thb_image_link wp-caption \">\r\n\t  \t\t\t<div class=\"thb-image-inner size_100\">\r\n\t\t\t\t<img loading=\"lazy\" decoding=\"async\" width=\"1167\" height=\"600\" src=\"https:\/\/villaicaria.com\/wp-content\/uploads\/2024\/06\/Villa-Icaria-Espacios-Taller-05.webp\" class=\"thb_image   attachment-full\" alt=\"\" title=\"Villa-Icaria-Espacios-Taller-05\" srcset=\"https:\/\/villaicaria.com\/wp-content\/uploads\/2024\/06\/Villa-Icaria-Espacios-Taller-05.webp 1167w, https:\/\/villaicaria.com\/wp-content\/uploads\/2024\/06\/Villa-Icaria-Espacios-Taller-05-600x308.webp 600w, https:\/\/villaicaria.com\/wp-content\/uploads\/2024\/06\/Villa-Icaria-Espacios-Taller-05-768x395.webp 768w, https:\/\/villaicaria.com\/wp-content\/uploads\/2024\/06\/Villa-Icaria-Espacios-Taller-05-300x154.webp 300w, https:\/\/villaicaria.com\/wp-content\/uploads\/2024\/06\/Villa-Icaria-Espacios-Taller-05-20x9.webp 20w, https:\/\/villaicaria.com\/wp-content\/uploads\/2024\/06\/Villa-Icaria-Espacios-Taller-05-150x77.webp 150w, https:\/\/villaicaria.com\/wp-content\/uploads\/2024\/06\/Villa-Icaria-Espacios-Taller-05-900x463.webp 900w\" sizes=\"auto, (max-width: 1167px) 100vw, 1167px\" \/>\t\t\t\t\t\t\t<\/div>\r\n\t\t\t\t\t\t\t\t\t<\/div>\r\n\t[\/vc_column][\/vc_row][vc_row el_class=&#8221;page-titular&#8221; css=&#8221;.vc_custom_1718960611850{margin-top: -100px !important;}&#8221;][vc_column animation=&#8221;animation bottom-to-top&#8221;]\t<div id=\"thb-image-69e428e02f20b\" class=\"caption-style1  aligncenter   thb_image_link wp-caption \">\r\n\t  \t\t\t<div class=\"thb-image-inner size_100\">\r\n\t\t\t\t<img loading=\"lazy\" decoding=\"async\" width=\"1909\" height=\"600\" src=\"https:\/\/villaicaria.com\/wp-content\/uploads\/2024\/06\/Villa-Icaria-Dibujo-Espacios-01.webp\" class=\"thb_image   attachment-full\" alt=\"\" title=\"Villa-Icaria-Dibujo-Espacios-01\" srcset=\"https:\/\/villaicaria.com\/wp-content\/uploads\/2024\/06\/Villa-Icaria-Dibujo-Espacios-01.webp 1909w, https:\/\/villaicaria.com\/wp-content\/uploads\/2024\/06\/Villa-Icaria-Dibujo-Espacios-01-600x189.webp 600w, https:\/\/villaicaria.com\/wp-content\/uploads\/2024\/06\/Villa-Icaria-Dibujo-Espacios-01-768x241.webp 768w, https:\/\/villaicaria.com\/wp-content\/uploads\/2024\/06\/Villa-Icaria-Dibujo-Espacios-01-1536x483.webp 1536w, https:\/\/villaicaria.com\/wp-content\/uploads\/2024\/06\/Villa-Icaria-Dibujo-Espacios-01-300x94.webp 300w, https:\/\/villaicaria.com\/wp-content\/uploads\/2024\/06\/Villa-Icaria-Dibujo-Espacios-01-150x47.webp 150w, https:\/\/villaicaria.com\/wp-content\/uploads\/2024\/06\/Villa-Icaria-Dibujo-Espacios-01-900x283.webp 900w, https:\/\/villaicaria.com\/wp-content\/uploads\/2024\/06\/Villa-Icaria-Dibujo-Espacios-01-20x6.webp 20w\" sizes=\"auto, (max-width: 1909px) 100vw, 1909px\" \/>\t\t\t\t\t\t\t<\/div>\r\n\t\t\t\t\t\t\t\t\t<\/div>\r\n\t\t<div id=\"thb-image-69e428e02f874\" class=\"caption-style1  aligncenter  dibujo-50 thb_image_link wp-caption \">\r\n\t  \t\t\t<div class=\"thb-image-inner size_100\">\r\n\t\t\t\t<img loading=\"lazy\" decoding=\"async\" width=\"938\" height=\"800\" src=\"https:\/\/villaicaria.com\/wp-content\/uploads\/2024\/06\/Villa-Icaria-Dibujo-Espacios-02.webp\" class=\"thb_image   attachment-full\" alt=\"\" title=\"Villa-Icaria-Dibujo-Espacios-02\" srcset=\"https:\/\/villaicaria.com\/wp-content\/uploads\/2024\/06\/Villa-Icaria-Dibujo-Espacios-02.webp 938w, https:\/\/villaicaria.com\/wp-content\/uploads\/2024\/06\/Villa-Icaria-Dibujo-Espacios-02-600x512.webp 600w, https:\/\/villaicaria.com\/wp-content\/uploads\/2024\/06\/Villa-Icaria-Dibujo-Espacios-02-768x655.webp 768w, https:\/\/villaicaria.com\/wp-content\/uploads\/2024\/06\/Villa-Icaria-Dibujo-Espacios-02-140x120.webp 140w, https:\/\/villaicaria.com\/wp-content\/uploads\/2024\/06\/Villa-Icaria-Dibujo-Espacios-02-70x60.webp 70w, https:\/\/villaicaria.com\/wp-content\/uploads\/2024\/06\/Villa-Icaria-Dibujo-Espacios-02-300x256.webp 300w, https:\/\/villaicaria.com\/wp-content\/uploads\/2024\/06\/Villa-Icaria-Dibujo-Espacios-02-210x180.webp 210w, https:\/\/villaicaria.com\/wp-content\/uploads\/2024\/06\/Villa-Icaria-Dibujo-Espacios-02-20x16.webp 20w, https:\/\/villaicaria.com\/wp-content\/uploads\/2024\/06\/Villa-Icaria-Dibujo-Espacios-02-150x128.webp 150w, https:\/\/villaicaria.com\/wp-content\/uploads\/2024\/06\/Villa-Icaria-Dibujo-Espacios-02-900x768.webp 900w\" sizes=\"auto, (max-width: 938px) 100vw, 938px\" \/>\t\t\t\t\t\t\t<\/div>\r\n\t\t\t\t\t\t\t\t\t<\/div>\r\n\t[\/vc_column][\/vc_row]\n<\/div>","protected":false},"excerpt":{"rendered":"<p>[vc_row thb_full_width=&#8221;true&#8221; thb_row_padding=&#8221;true&#8221; content_placement=&#8221;top&#8221;][vc_column][\/vc_column][\/vc_row][vc_row el_class=&#8221;page-titular&#8221;][vc_column animation=&#8221;animation bottom-to-top&#8221;][vc_column_text css=&#8221;&#8221;] The house is built around two courtyards; the first welcomes us upon arrival and organizes the shadows, the second opens to the sun and the landscape. All the spaces are shaped according to their relationship with these courtyards and with the exceptional view of the river and&hellip;<\/p>\n","protected":false},"author":1,"featured_media":0,"parent":0,"menu_order":0,"comment_status":"closed","ping_status":"closed","template":"","meta":{"footnotes":""},"class_list":["post-513","page","type-page","status-publish","hentry"],"yoast_head":"<!-- This site is optimized with the Yoast SEO plugin v27.4 - https:\/\/yoast.com\/product\/yoast-seo-wordpress\/ -->\n<title>Villa Icaria &#8212; Spaces<\/title>\n<meta name=\"description\" content=\"The house is built around two patios; the first welcomes us upon arrival and organizes the shadows, the second opens to the sun and the landscape.\" \/>\n<meta name=\"robots\" content=\"index, follow, max-snippet:-1, max-image-preview:large, max-video-preview:-1\" \/>\n<link rel=\"canonical\" href=\"https:\/\/villaicaria.com\/en\/spaces\/\" \/>\n<meta property=\"og:locale\" content=\"en_US\" \/>\n<meta property=\"og:type\" content=\"article\" \/>\n<meta property=\"og:title\" content=\"Villa Icaria &#8212; Spaces\" \/>\n<meta property=\"og:description\" content=\"The house is built around two patios; the first welcomes us upon arrival and organizes the shadows, the second opens to the sun and the landscape.\" \/>\n<meta property=\"og:url\" content=\"https:\/\/villaicaria.com\/en\/spaces\/\" \/>\n<meta property=\"og:site_name\" content=\"Villa Icaria\" \/>\n<meta property=\"article:modified_time\" content=\"2024-10-09T12:06:51+00:00\" \/>\n<meta property=\"og:image\" content=\"https:\/\/villaicaria.com\/wp-content\/uploads\/2024\/06\/screenshot-yoast.png\" \/>\n\t<meta property=\"og:image:width\" content=\"1200\" \/>\n\t<meta property=\"og:image:height\" content=\"675\" \/>\n\t<meta property=\"og:image:type\" content=\"image\/png\" \/>\n<meta name=\"twitter:card\" content=\"summary_large_image\" \/>\n<meta name=\"twitter:label1\" content=\"Est. reading time\" \/>\n\t<meta name=\"twitter:data1\" content=\"4 minutes\" \/>\n<script type=\"application\/ld+json\" class=\"yoast-schema-graph\">{\"@context\":\"https:\\\/\\\/schema.org\",\"@graph\":[{\"@type\":\"WebPage\",\"@id\":\"https:\\\/\\\/villaicaria.com\\\/en\\\/spaces\\\/\",\"url\":\"https:\\\/\\\/villaicaria.com\\\/en\\\/spaces\\\/\",\"name\":\"Villa Icaria &#8212; Spaces\",\"isPartOf\":{\"@id\":\"https:\\\/\\\/villaicaria.com\\\/en\\\/#website\"},\"datePublished\":\"2024-06-20T13:49:39+00:00\",\"dateModified\":\"2024-10-09T12:06:51+00:00\",\"description\":\"The house is built around two patios; the first welcomes us upon arrival and organizes the shadows, the second opens to the sun and the landscape.\",\"breadcrumb\":{\"@id\":\"https:\\\/\\\/villaicaria.com\\\/en\\\/spaces\\\/#breadcrumb\"},\"inLanguage\":\"en-US\",\"potentialAction\":[{\"@type\":\"ReadAction\",\"target\":[\"https:\\\/\\\/villaicaria.com\\\/en\\\/spaces\\\/\"]}]},{\"@type\":\"BreadcrumbList\",\"@id\":\"https:\\\/\\\/villaicaria.com\\\/en\\\/spaces\\\/#breadcrumb\",\"itemListElement\":[{\"@type\":\"ListItem\",\"position\":1,\"name\":\"Portada\",\"item\":\"https:\\\/\\\/villaicaria.com\\\/en\\\/\"},{\"@type\":\"ListItem\",\"position\":2,\"name\":\"Spaces\"}]},{\"@type\":\"WebSite\",\"@id\":\"https:\\\/\\\/villaicaria.com\\\/en\\\/#website\",\"url\":\"https:\\\/\\\/villaicaria.com\\\/en\\\/\",\"name\":\"Villa Icaria\",\"description\":\"Conjunto arquitect\u00f3nico en Saced\u00f3n, Guadalajara, en los m\u00e1rgenes del r\u00edo Tajo y a orillas del Mar de Castilla, donde priman la ecolog\u00eda y la sostenibilidad.\",\"publisher\":{\"@id\":\"https:\\\/\\\/villaicaria.com\\\/en\\\/#organization\"},\"alternateName\":\"Villa Icaria\",\"potentialAction\":[{\"@type\":\"SearchAction\",\"target\":{\"@type\":\"EntryPoint\",\"urlTemplate\":\"https:\\\/\\\/villaicaria.com\\\/en\\\/?s={search_term_string}\"},\"query-input\":{\"@type\":\"PropertyValueSpecification\",\"valueRequired\":true,\"valueName\":\"search_term_string\"}}],\"inLanguage\":\"en-US\"},{\"@type\":\"Organization\",\"@id\":\"https:\\\/\\\/villaicaria.com\\\/en\\\/#organization\",\"name\":\"Villa Icaria\",\"alternateName\":\"Villa Icaria - Arquitectura Al Descubierto\",\"url\":\"https:\\\/\\\/villaicaria.com\\\/en\\\/\",\"logo\":{\"@type\":\"ImageObject\",\"inLanguage\":\"en-US\",\"@id\":\"https:\\\/\\\/villaicaria.com\\\/en\\\/#\\\/schema\\\/logo\\\/image\\\/\",\"url\":\"https:\\\/\\\/villaicaria.com\\\/wp-content\\\/uploads\\\/2024\\\/06\\\/Favicon-512.png\",\"contentUrl\":\"https:\\\/\\\/villaicaria.com\\\/wp-content\\\/uploads\\\/2024\\\/06\\\/Favicon-512.png\",\"width\":512,\"height\":512,\"caption\":\"Villa Icaria\"},\"image\":{\"@id\":\"https:\\\/\\\/villaicaria.com\\\/en\\\/#\\\/schema\\\/logo\\\/image\\\/\"},\"sameAs\":[\"https:\\\/\\\/www.instagram.com\\\/villaicaria\\\/\"]}]}<\/script>\n<!-- \/ Yoast SEO plugin. -->","yoast_head_json":{"title":"Villa Icaria &#8212; Spaces","description":"The house is built around two patios; the first welcomes us upon arrival and organizes the shadows, the second opens to the sun and the landscape.","robots":{"index":"index","follow":"follow","max-snippet":"max-snippet:-1","max-image-preview":"max-image-preview:large","max-video-preview":"max-video-preview:-1"},"canonical":"https:\/\/villaicaria.com\/en\/spaces\/","og_locale":"en_US","og_type":"article","og_title":"Villa Icaria &#8212; Spaces","og_description":"The house is built around two patios; the first welcomes us upon arrival and organizes the shadows, the second opens to the sun and the landscape.","og_url":"https:\/\/villaicaria.com\/en\/spaces\/","og_site_name":"Villa Icaria","article_modified_time":"2024-10-09T12:06:51+00:00","og_image":[{"width":1200,"height":675,"url":"https:\/\/villaicaria.com\/wp-content\/uploads\/2024\/06\/screenshot-yoast.png","type":"image\/png"}],"twitter_card":"summary_large_image","twitter_misc":{"Est. reading time":"4 minutes"},"schema":{"@context":"https:\/\/schema.org","@graph":[{"@type":"WebPage","@id":"https:\/\/villaicaria.com\/en\/spaces\/","url":"https:\/\/villaicaria.com\/en\/spaces\/","name":"Villa Icaria &#8212; Spaces","isPartOf":{"@id":"https:\/\/villaicaria.com\/en\/#website"},"datePublished":"2024-06-20T13:49:39+00:00","dateModified":"2024-10-09T12:06:51+00:00","description":"The house is built around two patios; the first welcomes us upon arrival and organizes the shadows, the second opens to the sun and the landscape.","breadcrumb":{"@id":"https:\/\/villaicaria.com\/en\/spaces\/#breadcrumb"},"inLanguage":"en-US","potentialAction":[{"@type":"ReadAction","target":["https:\/\/villaicaria.com\/en\/spaces\/"]}]},{"@type":"BreadcrumbList","@id":"https:\/\/villaicaria.com\/en\/spaces\/#breadcrumb","itemListElement":[{"@type":"ListItem","position":1,"name":"Portada","item":"https:\/\/villaicaria.com\/en\/"},{"@type":"ListItem","position":2,"name":"Spaces"}]},{"@type":"WebSite","@id":"https:\/\/villaicaria.com\/en\/#website","url":"https:\/\/villaicaria.com\/en\/","name":"Villa Icaria","description":"Conjunto arquitect\u00f3nico en Saced\u00f3n, Guadalajara, en los m\u00e1rgenes del r\u00edo Tajo y a orillas del Mar de Castilla, donde priman la ecolog\u00eda y la sostenibilidad.","publisher":{"@id":"https:\/\/villaicaria.com\/en\/#organization"},"alternateName":"Villa Icaria","potentialAction":[{"@type":"SearchAction","target":{"@type":"EntryPoint","urlTemplate":"https:\/\/villaicaria.com\/en\/?s={search_term_string}"},"query-input":{"@type":"PropertyValueSpecification","valueRequired":true,"valueName":"search_term_string"}}],"inLanguage":"en-US"},{"@type":"Organization","@id":"https:\/\/villaicaria.com\/en\/#organization","name":"Villa Icaria","alternateName":"Villa Icaria - Arquitectura Al Descubierto","url":"https:\/\/villaicaria.com\/en\/","logo":{"@type":"ImageObject","inLanguage":"en-US","@id":"https:\/\/villaicaria.com\/en\/#\/schema\/logo\/image\/","url":"https:\/\/villaicaria.com\/wp-content\/uploads\/2024\/06\/Favicon-512.png","contentUrl":"https:\/\/villaicaria.com\/wp-content\/uploads\/2024\/06\/Favicon-512.png","width":512,"height":512,"caption":"Villa Icaria"},"image":{"@id":"https:\/\/villaicaria.com\/en\/#\/schema\/logo\/image\/"},"sameAs":["https:\/\/www.instagram.com\/villaicaria\/"]}]}},"_links":{"self":[{"href":"https:\/\/villaicaria.com\/en\/wp-json\/wp\/v2\/pages\/513","targetHints":{"allow":["GET"]}}],"collection":[{"href":"https:\/\/villaicaria.com\/en\/wp-json\/wp\/v2\/pages"}],"about":[{"href":"https:\/\/villaicaria.com\/en\/wp-json\/wp\/v2\/types\/page"}],"author":[{"embeddable":true,"href":"https:\/\/villaicaria.com\/en\/wp-json\/wp\/v2\/users\/1"}],"replies":[{"embeddable":true,"href":"https:\/\/villaicaria.com\/en\/wp-json\/wp\/v2\/comments?post=513"}],"version-history":[{"count":2,"href":"https:\/\/villaicaria.com\/en\/wp-json\/wp\/v2\/pages\/513\/revisions"}],"predecessor-version":[{"id":515,"href":"https:\/\/villaicaria.com\/en\/wp-json\/wp\/v2\/pages\/513\/revisions\/515"}],"wp:attachment":[{"href":"https:\/\/villaicaria.com\/en\/wp-json\/wp\/v2\/media?parent=513"}],"curies":[{"name":"wp","href":"https:\/\/api.w.org\/{rel}","templated":true}]}}