{"id":506,"date":"2024-06-20T17:08:21","date_gmt":"2024-06-20T15:08:21","guid":{"rendered":"https:\/\/villaicaria.com\/bedrooms\/"},"modified":"2024-10-09T14:06:51","modified_gmt":"2024-10-09T12:06:51","slug":"bedrooms","status":"publish","type":"page","link":"https:\/\/villaicaria.com\/en\/bedrooms\/","title":{"rendered":"Bedrooms"},"content":{"rendered":"<div class=\"wpb-content-wrapper\">[vc_row thb_full_width=&#8221;true&#8221; thb_row_padding=&#8221;true&#8221; content_placement=&#8221;top&#8221;][vc_column]\t<div id=\"thb-image-69d243b863294\" class=\"caption-style1  aligncenter full hero-image thb_image_link wp-caption \">\r\n\t  \t\t\t<div class=\"thb-image-inner size_100\">\r\n\t\t\t\t<img loading=\"lazy\" decoding=\"async\" width=\"1920\" height=\"1080\" src=\"https:\/\/villaicaria.com\/wp-content\/uploads\/2024\/06\/Villa-Icaria-Hero-Dormitorios.webp\" class=\"thb_image   attachment-full\" alt=\"\" title=\"Villa-Icaria-Hero-Dormitorios\" srcset=\"https:\/\/villaicaria.com\/wp-content\/uploads\/2024\/06\/Villa-Icaria-Hero-Dormitorios.webp 1920w, https:\/\/villaicaria.com\/wp-content\/uploads\/2024\/06\/Villa-Icaria-Hero-Dormitorios-600x338.webp 600w, https:\/\/villaicaria.com\/wp-content\/uploads\/2024\/06\/Villa-Icaria-Hero-Dormitorios-768x432.webp 768w, https:\/\/villaicaria.com\/wp-content\/uploads\/2024\/06\/Villa-Icaria-Hero-Dormitorios-1536x864.webp 1536w, https:\/\/villaicaria.com\/wp-content\/uploads\/2024\/06\/Villa-Icaria-Hero-Dormitorios-300x169.webp 300w, https:\/\/villaicaria.com\/wp-content\/uploads\/2024\/06\/Villa-Icaria-Hero-Dormitorios-20x11.webp 20w, https:\/\/villaicaria.com\/wp-content\/uploads\/2024\/06\/Villa-Icaria-Hero-Dormitorios-150x84.webp 150w, https:\/\/villaicaria.com\/wp-content\/uploads\/2024\/06\/Villa-Icaria-Hero-Dormitorios-900x506.webp 900w\" sizes=\"auto, (max-width: 1920px) 100vw, 1920px\" \/>\t\t\t\t\t\t\t<\/div>\r\n\t\t\t\t\t\t\t\t\t<div class=\"thb-image-content\">\r\n\t\t\tbedrooms\t\t\t<\/div>\r\n\t\t\t\t\t<\/div>\r\n\t[\/vc_column][\/vc_row][vc_row el_class=&#8221;page-titular&#8221;][vc_column animation=&#8221;animation bottom-to-top&#8221;][vc_column_text css=&#8221;&#8221;]\n<h1>The rooms aim for total immersion. This is achieved through the large windows that place the beds between exterior spaces; small openings function as optical lenses that capture unique scenes or moments of the day to immortalize. <\/h1>\n[\/vc_column_text][\/vc_column][\/vc_row][vc_row][vc_column animation=&#8221;animation bottom-to-top&#8221;][vc_media_grid element_width=&#8221;3&#8243; gap=&#8221;10&#8243; css=&#8221;&#8221; initial_loading_animation=&#8221;slideInUp&#8221; grid_id=&#8221;vc_gid:1728473666165-af106e28-6b11-4&#8243; include=&#8221;444,445,446,447,448,449,450,451&#8243;][\/vc_column][\/vc_row][vc_row el_class=&#8221;page-titular&#8221;][vc_column animation=&#8221;animation bottom-to-top&#8221;][vc_column_text css=&#8221;&#8221;]\n<h1 class=\"font_3 wixui-rich-text__text\"><span class=\"wixui-rich-text__text\">Belvedere<\/span><\/h1>\n<p class=\"font_8 wixui-rich-text__text\"><span class=\"wixui-rich-text__text\">For 2 people, max 3 people.<\/span><\/p>\n<p class=\"font_8 wixui-rich-text__text\"><span class=\"wixui-rich-text__text\">35m2 \/115ft<\/span><\/p>\n<h4 class=\"font_8 wixui-rich-text__text\"><span class=\"wixui-rich-text__text\">The master bedroom is located higher than the other rooms, overlooking the landscape. It has an immersive shower and a bathtub from which to contemplate the river. <\/span><\/h4>\n<p class=\"font_8 wixui-rich-text__text\"><span class=\"wixui-rich-text__text\">\u2014 Shower \u2014 Bath \u2014 River view \u2014 Double bed \u2014<\/span><\/p>\n[\/vc_column_text]\t<div id=\"thb-image-69d243b8639da\" class=\"caption-style1  aligncenter  planos-dormitorios thb_image_link wp-caption \">\r\n\t  \t\t\t<div class=\"thb-image-inner size_100\">\r\n\t\t\t\t<img loading=\"lazy\" decoding=\"async\" width=\"874\" height=\"600\" src=\"https:\/\/villaicaria.com\/wp-content\/uploads\/2024\/06\/Villa-Icaria-Dormitorios-Belvedere-09.webp\" class=\"thb_image   attachment-full\" alt=\"\" title=\"Villa-Icaria-Dormitorios-Belvedere-09\" srcset=\"https:\/\/villaicaria.com\/wp-content\/uploads\/2024\/06\/Villa-Icaria-Dormitorios-Belvedere-09.webp 874w, https:\/\/villaicaria.com\/wp-content\/uploads\/2024\/06\/Villa-Icaria-Dormitorios-Belvedere-09-600x412.webp 600w, https:\/\/villaicaria.com\/wp-content\/uploads\/2024\/06\/Villa-Icaria-Dormitorios-Belvedere-09-768x527.webp 768w, https:\/\/villaicaria.com\/wp-content\/uploads\/2024\/06\/Villa-Icaria-Dormitorios-Belvedere-09-300x206.webp 300w, https:\/\/villaicaria.com\/wp-content\/uploads\/2024\/06\/Villa-Icaria-Dormitorios-Belvedere-09-150x103.webp 150w, https:\/\/villaicaria.com\/wp-content\/uploads\/2024\/06\/Villa-Icaria-Dormitorios-Belvedere-09-20x13.webp 20w\" sizes=\"auto, (max-width: 874px) 100vw, 874px\" \/>\t\t\t\t\t\t\t<\/div>\r\n\t\t\t\t\t\t\t\t\t<\/div>\r\n\t[\/vc_column][\/vc_row][vc_row][vc_column animation=&#8221;animation bottom-to-top&#8221;][vc_media_grid element_width=&#8221;3&#8243; gap=&#8221;10&#8243; css=&#8221;&#8221; initial_loading_animation=&#8221;slideInUp&#8221; grid_id=&#8221;vc_gid:1728473666169-b7b0c1f2-6300-5&#8243; include=&#8221;453,454,455,456,458,459,460,462&#8243;][\/vc_column][\/vc_row][vc_row el_class=&#8221;page-titular&#8221;][vc_column animation=&#8221;animation bottom-to-top&#8221;][vc_column_text css=&#8221;&#8221;]\n<h1 class=\"font_3 wixui-rich-text__text\"><span class=\"wixui-rich-text__text\">Pasaje<\/span><\/h1>\n<p class=\"font_8 wixui-rich-text__text\"><span class=\"wixui-rich-text__text\">For 3 people, max 6 people <\/span><\/p>\n<p class=\"font_8 wixui-rich-text__text\"><span class=\"wixui-rich-text__text\">33m2 \/108ft<\/span><\/p>\n<h4 class=\"font_8 wixui-rich-text__text\"><span class=\"wixui-rich-text__text\">This bedroom has a set of three single beds, with the possibility of accommodating another three as tatami, ideal for children and teenagers. The space opens onto the central courtyard of the house and the gardens in the northern area. In the bathroom we find the shower under white vaults.  <\/span><\/h4>\n<p class=\"font_8 wixui-rich-text__text\"><span class=\"wixui-rich-text__text\">\u2014 Shower \u2014 Garden view \u2014 3 single beds \u2014<\/span><\/p>\n[\/vc_column_text]\t<div id=\"thb-image-69d243b863fbd\" class=\"caption-style1  aligncenter  planos-dormitorios thb_image_link wp-caption \">\r\n\t  \t\t\t<div class=\"thb-image-inner size_100\">\r\n\t\t\t\t<img loading=\"lazy\" decoding=\"async\" width=\"486\" height=\"600\" src=\"https:\/\/villaicaria.com\/wp-content\/uploads\/2024\/06\/Villa-Icaria-Dormitorios-Pasaje-11.webp\" class=\"thb_image   attachment-full\" alt=\"\" title=\"Villa-Icaria-Dormitorios-Pasaje-11\" srcset=\"https:\/\/villaicaria.com\/wp-content\/uploads\/2024\/06\/Villa-Icaria-Dormitorios-Pasaje-11.webp 486w, https:\/\/villaicaria.com\/wp-content\/uploads\/2024\/06\/Villa-Icaria-Dormitorios-Pasaje-11-300x370.webp 300w, https:\/\/villaicaria.com\/wp-content\/uploads\/2024\/06\/Villa-Icaria-Dormitorios-Pasaje-11-150x185.webp 150w, https:\/\/villaicaria.com\/wp-content\/uploads\/2024\/06\/Villa-Icaria-Dormitorios-Pasaje-11-20x25.webp 20w\" sizes=\"auto, (max-width: 486px) 100vw, 486px\" \/>\t\t\t\t\t\t\t<\/div>\r\n\t\t\t\t\t\t\t\t\t<\/div>\r\n\t[\/vc_column][\/vc_row][vc_row][vc_column animation=&#8221;animation bottom-to-top&#8221;][vc_media_grid element_width=&#8221;3&#8243; gap=&#8221;10&#8243; css=&#8221;&#8221; initial_loading_animation=&#8221;slideInUp&#8221; grid_id=&#8221;vc_gid:1728473666171-58839f42-b65c-0&#8243; include=&#8221;464,465,466,467,468,469,470,471&#8243;][\/vc_column][\/vc_row][vc_row el_class=&#8221;page-titular&#8221;][vc_column animation=&#8221;animation bottom-to-top&#8221;][vc_column_text css=&#8221;&#8221;]\n<h1 class=\"font_3 wixui-rich-text__text\"><span class=\"wixui-rich-text__text\">Finestra<\/span><\/h1>\n<p class=\"font_8 wixui-rich-text__text\"><span class=\"wixui-rich-text__text\">For 2 people, max 3 people <\/span><\/p>\n<p class=\"font_8 wixui-rich-text__text\"><span class=\"wixui-rich-text__text\">20m2 \/66ft<\/span><\/p>\n<h4 class=\"font_8 wixui-rich-text__text\"><span class=\"wixui-rich-text__text\">The bedroom has a double bed and the possibility of a single bed facing the window with views of the garden. The shower is integrated into the room and an asymmetrical window captures the sunset. <\/span><\/h4>\n<p class=\"font_8 wixui-rich-text__text\"><span class=\"wixui-rich-text__text\">\u2014 Shower \u2014 Garden view \u2014 Double bed \u2014 Window bed \u2014<\/span><\/p>\n[\/vc_column_text]\t<div id=\"thb-image-69d243b864593\" class=\"caption-style1  aligncenter  planos-dormitorios thb_image_link wp-caption \">\r\n\t  \t\t\t<div class=\"thb-image-inner size_100\">\r\n\t\t\t\t<img loading=\"lazy\" decoding=\"async\" width=\"585\" height=\"600\" src=\"https:\/\/villaicaria.com\/wp-content\/uploads\/2024\/06\/Villa-Icaria-Dormitorios-Finestra-09.webp\" class=\"thb_image   attachment-full\" alt=\"\" title=\"Villa-Icaria-Dormitorios-Finestra-09\" srcset=\"https:\/\/villaicaria.com\/wp-content\/uploads\/2024\/06\/Villa-Icaria-Dormitorios-Finestra-09.webp 585w, https:\/\/villaicaria.com\/wp-content\/uploads\/2024\/06\/Villa-Icaria-Dormitorios-Finestra-09-300x308.webp 300w, https:\/\/villaicaria.com\/wp-content\/uploads\/2024\/06\/Villa-Icaria-Dormitorios-Finestra-09-150x154.webp 150w, https:\/\/villaicaria.com\/wp-content\/uploads\/2024\/06\/Villa-Icaria-Dormitorios-Finestra-09-20x21.webp 20w\" sizes=\"auto, (max-width: 585px) 100vw, 585px\" \/>\t\t\t\t\t\t\t<\/div>\r\n\t\t\t\t\t\t\t\t\t<\/div>\r\n\t[\/vc_column][\/vc_row][vc_row][vc_column animation=&#8221;animation bottom-to-top&#8221;][vc_media_grid element_width=&#8221;3&#8243; gap=&#8221;10&#8243; css=&#8221;&#8221; initial_loading_animation=&#8221;slideInUp&#8221; grid_id=&#8221;vc_gid:1728473666175-0ecc37d8-41c7-2&#8243; include=&#8221;473,474,475,476,477,478,479,480&#8243;][\/vc_column][\/vc_row][vc_row el_class=&#8221;page-titular&#8221;][vc_column animation=&#8221;animation bottom-to-top&#8221;][vc_column_text css=&#8221;&#8221;]\n<h1 class=\"font_3 wixui-rich-text__text\"><span class=\"wixui-rich-text__text\">P\u00e1ramo<\/span><\/h1>\n<p class=\"font_8 wixui-rich-text__text\"><span class=\"wixui-rich-text__text\">For 2 people, max 2 people <\/span><\/p>\n<p class=\"font_8 wixui-rich-text__text\"><span class=\"wixui-rich-text__text\">19m2 \/63ft<\/span><\/p>\n<h4 class=\"font_8 wixui-rich-text__text\"><span class=\"wixui-rich-text__text\">This bedroom with a private garden has a double bed and an extra bed on a mezzanine. The large entrance and exit door to the garden make the room an open and connected space. <\/span><\/h4>\n<p class=\"font_8 wixui-rich-text__text\"><span class=\"wixui-rich-text__text\">\u2014 Shower \u2014 Garden view \u2014 Double bed \u2014<\/span><\/p>\n[\/vc_column_text]\t<div id=\"thb-image-69d243b864b0f\" class=\"caption-style1  aligncenter  planos-dormitorios thb_image_link wp-caption \">\r\n\t  \t\t\t<div class=\"thb-image-inner size_100\">\r\n\t\t\t\t<img loading=\"lazy\" decoding=\"async\" width=\"694\" height=\"600\" src=\"https:\/\/villaicaria.com\/wp-content\/uploads\/2024\/06\/Villa-Icaria-Dormitorios-Paramo-09.webp\" class=\"thb_image   attachment-full\" alt=\"\" title=\"Villa-Icaria-Dormitorios-Paramo-09\" srcset=\"https:\/\/villaicaria.com\/wp-content\/uploads\/2024\/06\/Villa-Icaria-Dormitorios-Paramo-09.webp 694w, https:\/\/villaicaria.com\/wp-content\/uploads\/2024\/06\/Villa-Icaria-Dormitorios-Paramo-09-600x519.webp 600w, https:\/\/villaicaria.com\/wp-content\/uploads\/2024\/06\/Villa-Icaria-Dormitorios-Paramo-09-140x120.webp 140w, https:\/\/villaicaria.com\/wp-content\/uploads\/2024\/06\/Villa-Icaria-Dormitorios-Paramo-09-70x60.webp 70w, https:\/\/villaicaria.com\/wp-content\/uploads\/2024\/06\/Villa-Icaria-Dormitorios-Paramo-09-300x259.webp 300w, https:\/\/villaicaria.com\/wp-content\/uploads\/2024\/06\/Villa-Icaria-Dormitorios-Paramo-09-20x16.webp 20w, https:\/\/villaicaria.com\/wp-content\/uploads\/2024\/06\/Villa-Icaria-Dormitorios-Paramo-09-150x130.webp 150w\" sizes=\"auto, (max-width: 694px) 100vw, 694px\" \/>\t\t\t\t\t\t\t<\/div>\r\n\t\t\t\t\t\t\t\t\t<\/div>\r\n\t[\/vc_column][\/vc_row][vc_row][vc_column animation=&#8221;animation bottom-to-top&#8221;][vc_media_grid element_width=&#8221;3&#8243; gap=&#8221;10&#8243; css=&#8221;&#8221; initial_loading_animation=&#8221;slideInUp&#8221; grid_id=&#8221;vc_gid:1728473666178-3bad239c-231c-2&#8243; include=&#8221;482,483,484,485,486,487,488,489&#8243;][\/vc_column][\/vc_row][vc_row el_class=&#8221;page-titular&#8221;][vc_column animation=&#8221;animation bottom-to-top&#8221;][vc_column_text css=&#8221;&#8221;]\n<h1 class=\"font_3 wixui-rich-text__text\"><span class=\"wixui-rich-text__text\">Farall\u00f3n<\/span><\/h1>\n<p class=\"font_8 wixui-rich-text__text\"><span class=\"wixui-rich-text__text\">For 2 people, max 3 people <\/span><\/p>\n<p class=\"font_8 wixui-rich-text__text\"><span class=\"wixui-rich-text__text\">23m2 \/76ft<\/span><\/p>\n<h4 class=\"font_8 wixui-rich-text__text\"><span class=\"wixui-rich-text__text\">This bedroom with completely independent access has a private garden, a double bed, with the possibility of two extra single beds. Bathroom integrated into the room and outdoor bathtub to enjoy the landscape from a privileged perspective of the plot. <\/span><span class=\"wixui-rich-text__text\"><span class=\"wixGuard wixui-rich-text__text\">sdaas<\/span><\/span><\/h4>\n<p class=\"font_8 wixui-rich-text__text\"><span class=\"wixui-rich-text__text\">\u2014 Shower \u2014 Garden view \u2014 Double bed \u2014 Outdoor bathtub \u2014<\/span><\/p>\n[\/vc_column_text]\t<div id=\"thb-image-69d243b86513b\" class=\"caption-style1  aligncenter  planos-dormitorios thb_image_link wp-caption \">\r\n\t  \t\t\t<div class=\"thb-image-inner size_100\">\r\n\t\t\t\t<img loading=\"lazy\" decoding=\"async\" width=\"648\" height=\"600\" src=\"https:\/\/villaicaria.com\/wp-content\/uploads\/2024\/06\/Villa-Icaria-Dormitorios-Farallon-09.webp\" class=\"thb_image   attachment-full\" alt=\"\" title=\"Villa-Icaria-Dormitorios-Farallon-09\" srcset=\"https:\/\/villaicaria.com\/wp-content\/uploads\/2024\/06\/Villa-Icaria-Dormitorios-Farallon-09.webp 648w, https:\/\/villaicaria.com\/wp-content\/uploads\/2024\/06\/Villa-Icaria-Dormitorios-Farallon-09-600x556.webp 600w, https:\/\/villaicaria.com\/wp-content\/uploads\/2024\/06\/Villa-Icaria-Dormitorios-Farallon-09-300x278.webp 300w, https:\/\/villaicaria.com\/wp-content\/uploads\/2024\/06\/Villa-Icaria-Dormitorios-Farallon-09-150x139.webp 150w, https:\/\/villaicaria.com\/wp-content\/uploads\/2024\/06\/Villa-Icaria-Dormitorios-Farallon-09-20x18.webp 20w\" sizes=\"auto, (max-width: 648px) 100vw, 648px\" \/>\t\t\t\t\t\t\t<\/div>\r\n\t\t\t\t\t\t\t\t\t<\/div>\r\n\t[\/vc_column][\/vc_row]\n<\/div>","protected":false},"excerpt":{"rendered":"<p>[vc_row thb_full_width=&#8221;true&#8221; thb_row_padding=&#8221;true&#8221; content_placement=&#8221;top&#8221;][vc_column][\/vc_column][\/vc_row][vc_row el_class=&#8221;page-titular&#8221;][vc_column animation=&#8221;animation bottom-to-top&#8221;][vc_column_text css=&#8221;&#8221;] The rooms aim for total immersion. This is achieved through the large windows that place the beds between exterior spaces; small openings function as optical lenses that capture unique scenes or moments of the day to immortalize. [\/vc_column_text][\/vc_column][\/vc_row][vc_row][vc_column animation=&#8221;animation bottom-to-top&#8221;][vc_media_grid element_width=&#8221;3&#8243; gap=&#8221;10&#8243; css=&#8221;&#8221; initial_loading_animation=&#8221;slideInUp&#8221; grid_id=&#8221;vc_gid:1728473666165-af106e28-6b11-4&#8243; include=&#8221;444,445,446,447,448,449,450,451&#8243;][\/vc_column][\/vc_row][vc_row el_class=&#8221;page-titular&#8221;][vc_column&hellip;<\/p>\n","protected":false},"author":1,"featured_media":0,"parent":0,"menu_order":0,"comment_status":"closed","ping_status":"closed","template":"","meta":{"footnotes":""},"class_list":["post-506","page","type-page","status-publish","hentry"],"yoast_head":"<!-- This site is optimized with the Yoast SEO plugin v27.1.1 - https:\/\/yoast.com\/product\/yoast-seo-wordpress\/ -->\n<title>Villa Icaria &#8212; Bedrooms<\/title>\n<meta name=\"description\" content=\"Rooms with large windows that place the beds in outdoor spaces, capturing unique scenes or moments of the day to immortalize.\" \/>\n<meta name=\"robots\" content=\"index, follow, max-snippet:-1, max-image-preview:large, max-video-preview:-1\" \/>\n<link rel=\"canonical\" href=\"https:\/\/villaicaria.com\/en\/bedrooms\/\" \/>\n<meta property=\"og:locale\" content=\"en_US\" \/>\n<meta property=\"og:type\" content=\"article\" \/>\n<meta property=\"og:title\" content=\"Villa Icaria &#8212; Bedrooms\" \/>\n<meta property=\"og:description\" content=\"Rooms with large windows that place the beds in outdoor spaces, capturing unique scenes or moments of the day to immortalize.\" \/>\n<meta property=\"og:url\" content=\"https:\/\/villaicaria.com\/en\/bedrooms\/\" \/>\n<meta property=\"og:site_name\" content=\"Villa Icaria\" \/>\n<meta property=\"article:modified_time\" content=\"2024-10-09T12:06:51+00:00\" \/>\n<meta property=\"og:image\" content=\"https:\/\/villaicaria.com\/wp-content\/uploads\/2024\/06\/screenshot-yoast.png\" \/>\n\t<meta property=\"og:image:width\" content=\"1200\" \/>\n\t<meta property=\"og:image:height\" content=\"675\" \/>\n\t<meta property=\"og:image:type\" content=\"image\/png\" \/>\n<meta name=\"twitter:card\" content=\"summary_large_image\" \/>\n<meta name=\"twitter:label1\" content=\"Est. reading time\" \/>\n\t<meta name=\"twitter:data1\" content=\"3 minutes\" \/>\n<script type=\"application\/ld+json\" class=\"yoast-schema-graph\">{\"@context\":\"https:\/\/schema.org\",\"@graph\":[{\"@type\":\"WebPage\",\"@id\":\"https:\/\/villaicaria.com\/en\/bedrooms\/\",\"url\":\"https:\/\/villaicaria.com\/en\/bedrooms\/\",\"name\":\"Villa Icaria &#8212; Bedrooms\",\"isPartOf\":{\"@id\":\"https:\/\/villaicaria.com\/en\/#website\"},\"datePublished\":\"2024-06-20T15:08:21+00:00\",\"dateModified\":\"2024-10-09T12:06:51+00:00\",\"description\":\"Rooms with large windows that place the beds in outdoor spaces, capturing unique scenes or moments of the day to immortalize.\",\"breadcrumb\":{\"@id\":\"https:\/\/villaicaria.com\/en\/bedrooms\/#breadcrumb\"},\"inLanguage\":\"en-US\",\"potentialAction\":[{\"@type\":\"ReadAction\",\"target\":[\"https:\/\/villaicaria.com\/en\/bedrooms\/\"]}]},{\"@type\":\"BreadcrumbList\",\"@id\":\"https:\/\/villaicaria.com\/en\/bedrooms\/#breadcrumb\",\"itemListElement\":[{\"@type\":\"ListItem\",\"position\":1,\"name\":\"Portada\",\"item\":\"https:\/\/villaicaria.com\/en\/\"},{\"@type\":\"ListItem\",\"position\":2,\"name\":\"Bedrooms\"}]},{\"@type\":\"WebSite\",\"@id\":\"https:\/\/villaicaria.com\/en\/#website\",\"url\":\"https:\/\/villaicaria.com\/en\/\",\"name\":\"Villa Icaria\",\"description\":\"Conjunto arquitect\u00f3nico en Saced\u00f3n, Guadalajara, en los m\u00e1rgenes del r\u00edo Tajo y a orillas del Mar de Castilla, donde priman la ecolog\u00eda y la sostenibilidad.\",\"publisher\":{\"@id\":\"https:\/\/villaicaria.com\/en\/#organization\"},\"alternateName\":\"Villa Icaria\",\"potentialAction\":[{\"@type\":\"SearchAction\",\"target\":{\"@type\":\"EntryPoint\",\"urlTemplate\":\"https:\/\/villaicaria.com\/en\/?s={search_term_string}\"},\"query-input\":{\"@type\":\"PropertyValueSpecification\",\"valueRequired\":true,\"valueName\":\"search_term_string\"}}],\"inLanguage\":\"en-US\"},{\"@type\":\"Organization\",\"@id\":\"https:\/\/villaicaria.com\/en\/#organization\",\"name\":\"Villa Icaria\",\"alternateName\":\"Villa Icaria - Arquitectura Al Descubierto\",\"url\":\"https:\/\/villaicaria.com\/en\/\",\"logo\":{\"@type\":\"ImageObject\",\"inLanguage\":\"en-US\",\"@id\":\"https:\/\/villaicaria.com\/en\/#\/schema\/logo\/image\/\",\"url\":\"https:\/\/villaicaria.com\/wp-content\/uploads\/2024\/06\/Favicon-512.png\",\"contentUrl\":\"https:\/\/villaicaria.com\/wp-content\/uploads\/2024\/06\/Favicon-512.png\",\"width\":512,\"height\":512,\"caption\":\"Villa Icaria\"},\"image\":{\"@id\":\"https:\/\/villaicaria.com\/en\/#\/schema\/logo\/image\/\"},\"sameAs\":[\"https:\/\/www.instagram.com\/villaicaria\/\"]}]}<\/script>\n<!-- \/ Yoast SEO plugin. -->","yoast_head_json":{"title":"Villa Icaria &#8212; Bedrooms","description":"Rooms with large windows that place the beds in outdoor spaces, capturing unique scenes or moments of the day to immortalize.","robots":{"index":"index","follow":"follow","max-snippet":"max-snippet:-1","max-image-preview":"max-image-preview:large","max-video-preview":"max-video-preview:-1"},"canonical":"https:\/\/villaicaria.com\/en\/bedrooms\/","og_locale":"en_US","og_type":"article","og_title":"Villa Icaria &#8212; Bedrooms","og_description":"Rooms with large windows that place the beds in outdoor spaces, capturing unique scenes or moments of the day to immortalize.","og_url":"https:\/\/villaicaria.com\/en\/bedrooms\/","og_site_name":"Villa Icaria","article_modified_time":"2024-10-09T12:06:51+00:00","og_image":[{"width":1200,"height":675,"url":"https:\/\/villaicaria.com\/wp-content\/uploads\/2024\/06\/screenshot-yoast.png","type":"image\/png"}],"twitter_card":"summary_large_image","twitter_misc":{"Est. reading time":"3 minutes"},"schema":{"@context":"https:\/\/schema.org","@graph":[{"@type":"WebPage","@id":"https:\/\/villaicaria.com\/en\/bedrooms\/","url":"https:\/\/villaicaria.com\/en\/bedrooms\/","name":"Villa Icaria &#8212; Bedrooms","isPartOf":{"@id":"https:\/\/villaicaria.com\/en\/#website"},"datePublished":"2024-06-20T15:08:21+00:00","dateModified":"2024-10-09T12:06:51+00:00","description":"Rooms with large windows that place the beds in outdoor spaces, capturing unique scenes or moments of the day to immortalize.","breadcrumb":{"@id":"https:\/\/villaicaria.com\/en\/bedrooms\/#breadcrumb"},"inLanguage":"en-US","potentialAction":[{"@type":"ReadAction","target":["https:\/\/villaicaria.com\/en\/bedrooms\/"]}]},{"@type":"BreadcrumbList","@id":"https:\/\/villaicaria.com\/en\/bedrooms\/#breadcrumb","itemListElement":[{"@type":"ListItem","position":1,"name":"Portada","item":"https:\/\/villaicaria.com\/en\/"},{"@type":"ListItem","position":2,"name":"Bedrooms"}]},{"@type":"WebSite","@id":"https:\/\/villaicaria.com\/en\/#website","url":"https:\/\/villaicaria.com\/en\/","name":"Villa Icaria","description":"Conjunto arquitect\u00f3nico en Saced\u00f3n, Guadalajara, en los m\u00e1rgenes del r\u00edo Tajo y a orillas del Mar de Castilla, donde priman la ecolog\u00eda y la sostenibilidad.","publisher":{"@id":"https:\/\/villaicaria.com\/en\/#organization"},"alternateName":"Villa Icaria","potentialAction":[{"@type":"SearchAction","target":{"@type":"EntryPoint","urlTemplate":"https:\/\/villaicaria.com\/en\/?s={search_term_string}"},"query-input":{"@type":"PropertyValueSpecification","valueRequired":true,"valueName":"search_term_string"}}],"inLanguage":"en-US"},{"@type":"Organization","@id":"https:\/\/villaicaria.com\/en\/#organization","name":"Villa Icaria","alternateName":"Villa Icaria - Arquitectura Al Descubierto","url":"https:\/\/villaicaria.com\/en\/","logo":{"@type":"ImageObject","inLanguage":"en-US","@id":"https:\/\/villaicaria.com\/en\/#\/schema\/logo\/image\/","url":"https:\/\/villaicaria.com\/wp-content\/uploads\/2024\/06\/Favicon-512.png","contentUrl":"https:\/\/villaicaria.com\/wp-content\/uploads\/2024\/06\/Favicon-512.png","width":512,"height":512,"caption":"Villa Icaria"},"image":{"@id":"https:\/\/villaicaria.com\/en\/#\/schema\/logo\/image\/"},"sameAs":["https:\/\/www.instagram.com\/villaicaria\/"]}]}},"_links":{"self":[{"href":"https:\/\/villaicaria.com\/en\/wp-json\/wp\/v2\/pages\/506","targetHints":{"allow":["GET"]}}],"collection":[{"href":"https:\/\/villaicaria.com\/en\/wp-json\/wp\/v2\/pages"}],"about":[{"href":"https:\/\/villaicaria.com\/en\/wp-json\/wp\/v2\/types\/page"}],"author":[{"embeddable":true,"href":"https:\/\/villaicaria.com\/en\/wp-json\/wp\/v2\/users\/1"}],"replies":[{"embeddable":true,"href":"https:\/\/villaicaria.com\/en\/wp-json\/wp\/v2\/comments?post=506"}],"version-history":[{"count":6,"href":"https:\/\/villaicaria.com\/en\/wp-json\/wp\/v2\/pages\/506\/revisions"}],"predecessor-version":[{"id":512,"href":"https:\/\/villaicaria.com\/en\/wp-json\/wp\/v2\/pages\/506\/revisions\/512"}],"wp:attachment":[{"href":"https:\/\/villaicaria.com\/en\/wp-json\/wp\/v2\/media?parent=506"}],"curies":[{"name":"wp","href":"https:\/\/api.w.org\/{rel}","templated":true}]}}