{"id":499,"date":"2024-06-07T12:44:55","date_gmt":"2024-06-07T10:44:55","guid":{"rendered":"https:\/\/villaicaria.com\/home\/"},"modified":"2025-01-09T10:59:27","modified_gmt":"2025-01-09T09:59:27","slug":"home","status":"publish","type":"page","link":"https:\/\/villaicaria.com\/en\/","title":{"rendered":"Home"},"content":{"rendered":"<div class=\"wpb-content-wrapper\">[vc_row thb_full_width=&#8221;true&#8221; thb_row_padding=&#8221;true&#8221; content_placement=&#8221;top&#8221;][vc_column]\t<div id=\"thb-image-69d1014f1bd7b\" class=\"caption-style1  aligncenter full hero-image thb_image_link wp-caption \">\r\n\t  \t\t\t<div class=\"thb-image-inner size_100\">\r\n\t\t\t\t<img loading=\"lazy\" decoding=\"async\" width=\"1920\" height=\"1080\" src=\"https:\/\/villaicaria.com\/wp-content\/uploads\/2024\/06\/Icaria-Hero-Home.jpg\" class=\"thb_image   attachment-full\" alt=\"\" title=\"Icaria-Hero-Home\" srcset=\"https:\/\/villaicaria.com\/wp-content\/uploads\/2024\/06\/Icaria-Hero-Home.jpg 1920w, https:\/\/villaicaria.com\/wp-content\/uploads\/2024\/06\/Icaria-Hero-Home-600x338.jpg 600w, https:\/\/villaicaria.com\/wp-content\/uploads\/2024\/06\/Icaria-Hero-Home-768x432.jpg 768w, https:\/\/villaicaria.com\/wp-content\/uploads\/2024\/06\/Icaria-Hero-Home-1536x864.jpg 1536w, https:\/\/villaicaria.com\/wp-content\/uploads\/2024\/06\/Icaria-Hero-Home-300x169.jpg 300w, https:\/\/villaicaria.com\/wp-content\/uploads\/2024\/06\/Icaria-Hero-Home-20x11.jpg 20w, https:\/\/villaicaria.com\/wp-content\/uploads\/2024\/06\/Icaria-Hero-Home-150x84.jpg 150w, https:\/\/villaicaria.com\/wp-content\/uploads\/2024\/06\/Icaria-Hero-Home-900x506.jpg 900w\" sizes=\"auto, (max-width: 1920px) 100vw, 1920px\" \/>\t\t\t\t\t\t\t<\/div>\r\n\t\t\t\t\t\t\t\t\t<\/div>\r\n\t[\/vc_column][\/vc_row][vc_row el_class=&#8221;page-titular&#8221;][vc_column animation=&#8221;animation bottom-to-top&#8221;][vc_column_text css=&#8221;&#8221;]\n<h1>Villa Icaria is located on the banks of the Tagus River, on the shores of the Sea of Castile &#8211; an architectural ensemble that aligns landscape, art and avant-garde under a unique stay in time, where the sense of ecology and sustainability prevail above all.<\/h1>\n[\/vc_column_text][\/vc_column][\/vc_row][vc_row][vc_column animation=&#8221;animation bottom-to-top&#8221;]\t<div id=\"thb-image-69d1014f1c5e2\" class=\"caption-style1  aligncenter   thb_image_link wp-caption \">\r\n\t  \t\t\t<div class=\"thb-image-inner size_100\">\r\n\t\t\t\t<img loading=\"lazy\" decoding=\"async\" width=\"1920\" height=\"1080\" src=\"https:\/\/villaicaria.com\/wp-content\/uploads\/2024\/06\/Villa-Icaria-Salon-Home.jpg\" class=\"thb_image   attachment-full\" alt=\"\" title=\"Villa-Icaria-Salon-Home\" srcset=\"https:\/\/villaicaria.com\/wp-content\/uploads\/2024\/06\/Villa-Icaria-Salon-Home.jpg 1920w, https:\/\/villaicaria.com\/wp-content\/uploads\/2024\/06\/Villa-Icaria-Salon-Home-600x338.jpg 600w, https:\/\/villaicaria.com\/wp-content\/uploads\/2024\/06\/Villa-Icaria-Salon-Home-768x432.jpg 768w, https:\/\/villaicaria.com\/wp-content\/uploads\/2024\/06\/Villa-Icaria-Salon-Home-1536x864.jpg 1536w, https:\/\/villaicaria.com\/wp-content\/uploads\/2024\/06\/Villa-Icaria-Salon-Home-300x169.jpg 300w, https:\/\/villaicaria.com\/wp-content\/uploads\/2024\/06\/Villa-Icaria-Salon-Home-20x11.jpg 20w, https:\/\/villaicaria.com\/wp-content\/uploads\/2024\/06\/Villa-Icaria-Salon-Home-150x84.jpg 150w, https:\/\/villaicaria.com\/wp-content\/uploads\/2024\/06\/Villa-Icaria-Salon-Home-900x506.jpg 900w\" sizes=\"auto, (max-width: 1920px) 100vw, 1920px\" \/>\t\t\t\t\t\t\t<\/div>\r\n\t\t\t\t\t\t\t\t\t<\/div>\r\n\t[\/vc_column][\/vc_row][vc_row el_class=&#8221;page-titular&#8221;][vc_column animation=&#8221;animation bottom-to-top&#8221;][vc_column_text]\n<h4>This is the personal project of a family of architects who, fascinated by the place, wanted to collect the best tradition of sensory architecture arising from the landscape and the land. Spatial continuity, enjoyment, matter, light and shadow are the inspiration for the project.<\/h4>\n<h4><\/h4>\n<h4>It functions as an extraordinary refuge from the city &#8211; a reflective instant by the river, a shelter where to find the primal sensations, where to reconcile with our nature.<\/h4>\n[\/vc_column_text][\/vc_column][\/vc_row][vc_row][vc_column width=&#8221;1\/3&#8243; animation=&#8221;animation bottom-to-top&#8221;]\t<div id=\"thb-image-69d1014f1ccbb\" class=\"caption-style1  alignleft   thb_image_link wp-caption \">\r\n\t  \t\t\t<a class=\"\" href=\"https:\/\/villaicaria.com\/entorno\/\" target=\"_self\" title=\"Entorno\">\r\n\t\t\t\t\t<div class=\"thb-image-inner size_100\">\r\n\t\t\t\t<img loading=\"lazy\" decoding=\"async\" width=\"900\" height=\"720\" src=\"https:\/\/villaicaria.com\/wp-content\/uploads\/2024\/06\/Villa-Icaria-Entorno-Home.jpg\" class=\"thb_image   attachment-full\" alt=\"\" title=\"Villa-Icaria-Entorno-Home\" srcset=\"https:\/\/villaicaria.com\/wp-content\/uploads\/2024\/06\/Villa-Icaria-Entorno-Home.jpg 900w, https:\/\/villaicaria.com\/wp-content\/uploads\/2024\/06\/Villa-Icaria-Entorno-Home-600x480.jpg 600w, https:\/\/villaicaria.com\/wp-content\/uploads\/2024\/06\/Villa-Icaria-Entorno-Home-768x614.jpg 768w, https:\/\/villaicaria.com\/wp-content\/uploads\/2024\/06\/Villa-Icaria-Entorno-Home-300x240.jpg 300w, https:\/\/villaicaria.com\/wp-content\/uploads\/2024\/06\/Villa-Icaria-Entorno-Home-20x16.jpg 20w, https:\/\/villaicaria.com\/wp-content\/uploads\/2024\/06\/Villa-Icaria-Entorno-Home-150x120.jpg 150w\" sizes=\"auto, (max-width: 900px) 100vw, 900px\" \/>\t\t\t\t\t\t\t<\/div>\r\n\t\t\t\t<\/a>\r\n\t\t\t\t\t\t\t\t\t<div class=\"thb-image-content\">\r\n\t\t\t\n<h1>active environment<\/h1>\n<p>Villa Icaria offers the opportunity to discover the ancient beauty of the Alcarria and the Sea of Castilla. It is a land of strong contrasts, dominated by reservoirs where you can enjoy nautical activities, climbing and via ferrata activities. Close to the Erc\u00e1vica archaeological site, the monastery of Monsalud, the castle of Anguix and the town of Pastrana, it offers a great cultural attraction. \t\t\t<\/div>\r\n\t\t\t\t\t<\/div>\r\n\t[\/vc_column][vc_column width=&#8221;1\/3&#8243; animation=&#8221;animation bottom-to-top&#8221;]\t<div id=\"thb-image-69d1014f1d3a2\" class=\"caption-style1  alignleft   thb_image_link wp-caption \">\r\n\t  \t\t\t<a class=\"\" href=\"https:\/\/villaicaria.com\/espacios\/\" target=\"_self\" title=\"Espacios\">\r\n\t\t\t\t\t<div class=\"thb-image-inner size_100\">\r\n\t\t\t\t<img loading=\"lazy\" decoding=\"async\" width=\"900\" height=\"720\" src=\"https:\/\/villaicaria.com\/wp-content\/uploads\/2024\/06\/Villa-Icaria-Casa-Home.jpg\" class=\"thb_image   attachment-full\" alt=\"\" title=\"Villa-Icaria-Casa-Home\" srcset=\"https:\/\/villaicaria.com\/wp-content\/uploads\/2024\/06\/Villa-Icaria-Casa-Home.jpg 900w, https:\/\/villaicaria.com\/wp-content\/uploads\/2024\/06\/Villa-Icaria-Casa-Home-600x480.jpg 600w, https:\/\/villaicaria.com\/wp-content\/uploads\/2024\/06\/Villa-Icaria-Casa-Home-768x614.jpg 768w, https:\/\/villaicaria.com\/wp-content\/uploads\/2024\/06\/Villa-Icaria-Casa-Home-300x240.jpg 300w, https:\/\/villaicaria.com\/wp-content\/uploads\/2024\/06\/Villa-Icaria-Casa-Home-20x16.jpg 20w, https:\/\/villaicaria.com\/wp-content\/uploads\/2024\/06\/Villa-Icaria-Casa-Home-150x120.jpg 150w\" sizes=\"auto, (max-width: 900px) 100vw, 900px\" \/>\t\t\t\t\t\t\t<\/div>\r\n\t\t\t\t<\/a>\r\n\t\t\t\t\t\t\t\t\t<div class=\"thb-image-content\">\r\n\t\t\t\n<h1>a house to enjoy<\/h1>\n<p>The house is surrounded by pine trees, on a nine thousand square meter plot of land, with holm oaks framing and sculpting the plot. The living room with fireplace opens to the landscape through a large window; other spaces allow for all kinds of activities &#8211; yoga, sports, pottery, cinema or just letting the wind blow you in a hammock, contemplating the landscape. \t\t\t<\/div>\r\n\t\t\t\t\t<\/div>\r\n\t[\/vc_column][vc_column width=&#8221;1\/3&#8243; animation=&#8221;animation bottom-to-top&#8221;]\t<div id=\"thb-image-69d1014f1da88\" class=\"caption-style1  alignleft   thb_image_link wp-caption \">\r\n\t  \t\t\t<a class=\"\" href=\"https:\/\/villaicaria.com\/dormitorios\/\" target=\"_self\" title=\"Dormitorios\">\r\n\t\t\t\t\t<div class=\"thb-image-inner size_100\">\r\n\t\t\t\t<img loading=\"lazy\" decoding=\"async\" width=\"900\" height=\"720\" src=\"https:\/\/villaicaria.com\/wp-content\/uploads\/2024\/06\/Villa-Icaria-Dormitorios-Home.jpg\" class=\"thb_image   attachment-full\" alt=\"\" title=\"Villa-Icaria-Dormitorios-Home\" srcset=\"https:\/\/villaicaria.com\/wp-content\/uploads\/2024\/06\/Villa-Icaria-Dormitorios-Home.jpg 900w, https:\/\/villaicaria.com\/wp-content\/uploads\/2024\/06\/Villa-Icaria-Dormitorios-Home-600x480.jpg 600w, https:\/\/villaicaria.com\/wp-content\/uploads\/2024\/06\/Villa-Icaria-Dormitorios-Home-768x614.jpg 768w, https:\/\/villaicaria.com\/wp-content\/uploads\/2024\/06\/Villa-Icaria-Dormitorios-Home-300x240.jpg 300w, https:\/\/villaicaria.com\/wp-content\/uploads\/2024\/06\/Villa-Icaria-Dormitorios-Home-20x16.jpg 20w, https:\/\/villaicaria.com\/wp-content\/uploads\/2024\/06\/Villa-Icaria-Dormitorios-Home-150x120.jpg 150w\" sizes=\"auto, (max-width: 900px) 100vw, 900px\" \/>\t\t\t\t\t\t\t<\/div>\r\n\t\t\t\t<\/a>\r\n\t\t\t\t\t\t\t\t\t<div class=\"thb-image-content\">\r\n\t\t\t\n<h1>bedrooms<\/h1>\n<p>The property has five spacious rooms conceived as individual refuges, in this fortress between the oaks and the landscape. The interiors combine materials and shades of the Alcarria with an open and luminous architecture that incorporates objects of new design, creating spaces with the perfect combination of rural simplicity and contemporary sensibility. \t\t\t<\/div>\r\n\t\t\t\t\t<\/div>\r\n\t[\/vc_column][\/vc_row][vc_row el_class=&#8221;padding-100&#8243;][vc_column animation=&#8221;animation bottom-to-top&#8221;]\t<div id=\"thb-image-69d1014f1e193\" class=\"caption-style1  aligncenter   thb_image_link wp-caption \">\r\n\t  \t\t\t<div class=\"thb-image-inner size_100\">\r\n\t\t\t\t<img loading=\"lazy\" decoding=\"async\" width=\"2226\" height=\"1080\" src=\"https:\/\/villaicaria.com\/wp-content\/uploads\/2024\/06\/Villa-Icaria-Piscina-Home.jpg\" class=\"thb_image   attachment-full\" alt=\"\" title=\"Villa-Icaria-Piscina-Home\" srcset=\"https:\/\/villaicaria.com\/wp-content\/uploads\/2024\/06\/Villa-Icaria-Piscina-Home.jpg 2226w, https:\/\/villaicaria.com\/wp-content\/uploads\/2024\/06\/Villa-Icaria-Piscina-Home-600x291.jpg 600w, https:\/\/villaicaria.com\/wp-content\/uploads\/2024\/06\/Villa-Icaria-Piscina-Home-1920x932.jpg 1920w, https:\/\/villaicaria.com\/wp-content\/uploads\/2024\/06\/Villa-Icaria-Piscina-Home-768x373.jpg 768w, https:\/\/villaicaria.com\/wp-content\/uploads\/2024\/06\/Villa-Icaria-Piscina-Home-1536x745.jpg 1536w, https:\/\/villaicaria.com\/wp-content\/uploads\/2024\/06\/Villa-Icaria-Piscina-Home-2048x994.jpg 2048w, https:\/\/villaicaria.com\/wp-content\/uploads\/2024\/06\/Villa-Icaria-Piscina-Home-300x146.jpg 300w, https:\/\/villaicaria.com\/wp-content\/uploads\/2024\/06\/Villa-Icaria-Piscina-Home-20x9.jpg 20w, https:\/\/villaicaria.com\/wp-content\/uploads\/2024\/06\/Villa-Icaria-Piscina-Home-150x73.jpg 150w, https:\/\/villaicaria.com\/wp-content\/uploads\/2024\/06\/Villa-Icaria-Piscina-Home-900x437.jpg 900w\" sizes=\"auto, (max-width: 2226px) 100vw, 2226px\" \/>\t\t\t\t\t\t\t<\/div>\r\n\t\t\t\t\t\t\t\t\t<\/div>\r\n\t[\/vc_column][\/vc_row][vc_row el_class=&#8221;planos-padding&#8221;][vc_column animation=&#8221;animation bottom-to-top&#8221;]\t<div id=\"thb-image-69d1014f1e86b\" class=\"caption-style1  aligncenter   thb_image_link wp-caption \">\r\n\t  \t\t\t<div class=\"thb-image-inner size_100\">\r\n\t\t\t\t<img loading=\"lazy\" decoding=\"async\" width=\"1920\" height=\"1300\" src=\"https:\/\/villaicaria.com\/wp-content\/uploads\/2024\/06\/Villa-Icaria-Plano-Home.jpg\" class=\"thb_image retina_size  attachment-full\" alt=\"\" title=\"Villa-Icaria-Plano-Home\" srcset=\"https:\/\/villaicaria.com\/wp-content\/uploads\/2024\/06\/Villa-Icaria-Plano-Home.jpg 1920w, https:\/\/villaicaria.com\/wp-content\/uploads\/2024\/06\/Villa-Icaria-Plano-Home-600x406.jpg 600w, https:\/\/villaicaria.com\/wp-content\/uploads\/2024\/06\/Villa-Icaria-Plano-Home-768x520.jpg 768w, https:\/\/villaicaria.com\/wp-content\/uploads\/2024\/06\/Villa-Icaria-Plano-Home-1536x1040.jpg 1536w, https:\/\/villaicaria.com\/wp-content\/uploads\/2024\/06\/Villa-Icaria-Plano-Home-300x203.jpg 300w, https:\/\/villaicaria.com\/wp-content\/uploads\/2024\/06\/Villa-Icaria-Plano-Home-150x102.jpg 150w, https:\/\/villaicaria.com\/wp-content\/uploads\/2024\/06\/Villa-Icaria-Plano-Home-900x609.jpg 900w, https:\/\/villaicaria.com\/wp-content\/uploads\/2024\/06\/Villa-Icaria-Plano-Home-20x13.jpg 20w\" sizes=\"auto, (max-width: 1920px) 100vw, 1920px\" \/>\t\t\t\t\t\t\t<\/div>\r\n\t\t\t\t\t\t\t\t\t<\/div>\r\n\t[\/vc_column][\/vc_row][vc_row el_class=&#8221;padding-100&#8243;][vc_column animation=&#8221;animation bottom-to-top&#8221;][vc_media_grid element_width=&#8221;3&#8243; gap=&#8221;10&#8243; css=&#8221;&#8221; initial_loading_animation=&#8221;slideInUp&#8221; grid_id=&#8221;vc_gid:1728477006244-2a22254b-7045-4&#8243; include=&#8221;374,388,387,386,385,384,383,382,381,380,379,378,377,376,375,389&#8243;][\/vc_column][\/vc_row][vc_row][vc_column]\t<div id=\"thb-image-69d1014f1eef7\" class=\"caption-style1 animation bottom-to-top aligncenter  plano-contacto thb_image_link wp-caption \">\r\n\t  \t\t\t<div class=\"thb-image-inner size_100\">\r\n\t\t\t\t<img loading=\"lazy\" decoding=\"async\" width=\"1400\" height=\"815\" src=\"https:\/\/villaicaria.com\/wp-content\/uploads\/2024\/10\/Villa-Icaria-Contact-Map.png\" class=\"thb_image retina_size  attachment-full\" alt=\"\" title=\"Villa-Icaria-Contact-Map\" srcset=\"https:\/\/villaicaria.com\/wp-content\/uploads\/2024\/10\/Villa-Icaria-Contact-Map.png 1400w, https:\/\/villaicaria.com\/wp-content\/uploads\/2024\/10\/Villa-Icaria-Contact-Map-600x349.png 600w, https:\/\/villaicaria.com\/wp-content\/uploads\/2024\/10\/Villa-Icaria-Contact-Map-768x447.png 768w, https:\/\/villaicaria.com\/wp-content\/uploads\/2024\/10\/Villa-Icaria-Contact-Map-300x175.png 300w, https:\/\/villaicaria.com\/wp-content\/uploads\/2024\/10\/Villa-Icaria-Contact-Map-150x87.png 150w, https:\/\/villaicaria.com\/wp-content\/uploads\/2024\/10\/Villa-Icaria-Contact-Map-900x524.png 900w, https:\/\/villaicaria.com\/wp-content\/uploads\/2024\/10\/Villa-Icaria-Contact-Map-20x13.png 20w\" sizes=\"auto, (max-width: 1400px) 100vw, 1400px\" \/>\t\t\t\t\t\t\t<\/div>\r\n\t\t\t\t\t\t\t\t\t<\/div>\r\n\t[vc_row_inner thb_row_padding=&#8221;true&#8221; el_class=&#8221;modulo-contacto&#8221;][vc_column_inner width=&#8221;1\/5&#8243;][vc_column_text css=&#8221;&#8221; animation=&#8221;animation bottom-to-top&#8221;]\n<h1>where<\/h1>\n<p><a href=\"https:\/\/maps.app.goo.gl\/xSxqz7in1UYHibkS7\" target=\"_blank\" rel=\"noopener\"><strong>Saced\u00f3n, Guadalajara<\/strong><\/a>[\/vc_column_text][\/vc_column_inner][vc_column_inner width=&#8221;1\/5&#8243;][\/vc_column_inner][vc_column_inner width=&#8221;1\/5&#8243; animation=&#8221;animation bottom-to-top&#8221;][vc_column_text animation=&#8221;animation bottom-to-top&#8221;]\n<h1>distances<\/h1>\n<p><strong>From Madrid, Puerta de Alcal\u00e1<\/strong><br \/>\n105km -1.10h<\/p>\n<p>&nbsp;<\/p>\n<p><strong>From Airport, T4<\/strong><br \/>\n100km &#8211; 1.00h<\/p>\n<p>&nbsp;<\/p>\n<p><strong>From Guadalajara, Plaza Mayor<\/strong><br \/>\n52km &#8211; 0.40h[\/vc_column_text][\/vc_column_inner][vc_column_inner width=&#8221;1\/5&#8243;][\/vc_column_inner][vc_column_inner width=&#8221;1\/5&#8243;][vc_column_text css=&#8221;&#8221; animation=&#8221;animation bottom-to-top&#8221;]\n<h1>contact<\/h1>\n<p><strong>Email<\/strong><br \/>\n<a href=\"mailto:contacto@villaicaria.com\">contacto@villaicaria.com<\/a><\/p>\n<p>&nbsp;<\/p>\n<p><strong>WhatsApp<\/strong><br \/>\n<a href=\"https:\/\/wa.me\/34669470173\">+34 669 470 173<\/a>[\/vc_column_text][\/vc_column_inner][\/vc_row_inner][\/vc_column][\/vc_row]\n<\/div>","protected":false},"excerpt":{"rendered":"<p>[vc_row thb_full_width=&#8221;true&#8221; thb_row_padding=&#8221;true&#8221; content_placement=&#8221;top&#8221;][vc_column][\/vc_column][\/vc_row][vc_row el_class=&#8221;page-titular&#8221;][vc_column animation=&#8221;animation bottom-to-top&#8221;][vc_column_text css=&#8221;&#8221;] Villa Icaria is located on the banks of the Tagus River, on the shores of the Sea of Castile &#8211; an architectural ensemble that aligns landscape, art and avant-garde under a unique stay in time, where the sense of ecology and sustainability prevail above all. [\/vc_column_text][\/vc_column][\/vc_row][vc_row][vc_column animation=&#8221;animation&hellip;<\/p>\n","protected":false},"author":1,"featured_media":0,"parent":0,"menu_order":0,"comment_status":"closed","ping_status":"closed","template":"","meta":{"footnotes":""},"class_list":["post-499","page","type-page","status-publish","hentry"],"yoast_head":"<!-- This site is optimized with the Yoast SEO plugin v27.1.1 - https:\/\/yoast.com\/product\/yoast-seo-wordpress\/ -->\n<title>Villa Icaria<\/title>\n<meta name=\"description\" content=\"Conjunto arquitect\u00f3nico en Saced\u00f3n, Guadalajara, en los m\u00e1rgenes del r\u00edo Tajo y a orillas del Mar de Castilla, donde priman la ecolog\u00eda y la sostenibilidad.\" \/>\n<meta name=\"robots\" content=\"index, follow, max-snippet:-1, max-image-preview:large, max-video-preview:-1\" \/>\n<link rel=\"canonical\" href=\"https:\/\/villaicaria.com\/en\/\" \/>\n<meta property=\"og:locale\" content=\"en_US\" \/>\n<meta property=\"og:type\" content=\"article\" \/>\n<meta property=\"og:title\" content=\"Villa Icaria\" \/>\n<meta property=\"og:description\" content=\"Conjunto arquitect\u00f3nico en Saced\u00f3n, Guadalajara, en los m\u00e1rgenes del r\u00edo Tajo y a orillas del Mar de Castilla, donde priman la ecolog\u00eda y la sostenibilidad.\" \/>\n<meta property=\"og:url\" content=\"https:\/\/villaicaria.com\/en\/\" \/>\n<meta property=\"og:site_name\" content=\"Villa Icaria\" \/>\n<meta property=\"article:modified_time\" content=\"2025-01-09T09:59:27+00:00\" \/>\n<meta property=\"og:image\" content=\"https:\/\/villaicaria.com\/wp-content\/uploads\/2024\/06\/screenshot-yoast.png\" \/>\n\t<meta property=\"og:image:width\" content=\"1200\" \/>\n\t<meta property=\"og:image:height\" content=\"675\" \/>\n\t<meta property=\"og:image:type\" content=\"image\/png\" \/>\n<meta name=\"twitter:card\" content=\"summary_large_image\" \/>\n<meta name=\"twitter:label1\" content=\"Est. reading time\" \/>\n\t<meta name=\"twitter:data1\" content=\"3 minutes\" \/>\n<script type=\"application\/ld+json\" class=\"yoast-schema-graph\">{\"@context\":\"https:\/\/schema.org\",\"@graph\":[{\"@type\":\"WebPage\",\"@id\":\"https:\/\/villaicaria.com\/en\/\",\"url\":\"https:\/\/villaicaria.com\/en\/\",\"name\":\"Villa Icaria\",\"isPartOf\":{\"@id\":\"https:\/\/villaicaria.com\/en\/#website\"},\"datePublished\":\"2024-06-07T10:44:55+00:00\",\"dateModified\":\"2025-01-09T09:59:27+00:00\",\"description\":\"Conjunto arquitect\u00f3nico en Saced\u00f3n, Guadalajara, en los m\u00e1rgenes del r\u00edo Tajo y a orillas del Mar de Castilla, donde priman la ecolog\u00eda y la sostenibilidad.\",\"breadcrumb\":{\"@id\":\"https:\/\/villaicaria.com\/en\/#breadcrumb\"},\"inLanguage\":\"en-US\",\"potentialAction\":[{\"@type\":\"ReadAction\",\"target\":[\"https:\/\/villaicaria.com\/en\/\"]}]},{\"@type\":\"BreadcrumbList\",\"@id\":\"https:\/\/villaicaria.com\/en\/#breadcrumb\",\"itemListElement\":[{\"@type\":\"ListItem\",\"position\":1,\"name\":\"Portada\",\"item\":\"https:\/\/villaicaria.com\/en\/\"},{\"@type\":\"ListItem\",\"position\":2,\"name\":\"Home\"}]},{\"@type\":\"WebSite\",\"@id\":\"https:\/\/villaicaria.com\/en\/#website\",\"url\":\"https:\/\/villaicaria.com\/en\/\",\"name\":\"Villa Icaria\",\"description\":\"Conjunto arquitect\u00f3nico en Saced\u00f3n, Guadalajara, en los m\u00e1rgenes del r\u00edo Tajo y a orillas del Mar de Castilla, donde priman la ecolog\u00eda y la sostenibilidad.\",\"publisher\":{\"@id\":\"https:\/\/villaicaria.com\/en\/#organization\"},\"alternateName\":\"Villa Icaria\",\"potentialAction\":[{\"@type\":\"SearchAction\",\"target\":{\"@type\":\"EntryPoint\",\"urlTemplate\":\"https:\/\/villaicaria.com\/en\/?s={search_term_string}\"},\"query-input\":{\"@type\":\"PropertyValueSpecification\",\"valueRequired\":true,\"valueName\":\"search_term_string\"}}],\"inLanguage\":\"en-US\"},{\"@type\":\"Organization\",\"@id\":\"https:\/\/villaicaria.com\/en\/#organization\",\"name\":\"Villa Icaria\",\"alternateName\":\"Villa Icaria - Arquitectura Al Descubierto\",\"url\":\"https:\/\/villaicaria.com\/en\/\",\"logo\":{\"@type\":\"ImageObject\",\"inLanguage\":\"en-US\",\"@id\":\"https:\/\/villaicaria.com\/en\/#\/schema\/logo\/image\/\",\"url\":\"https:\/\/villaicaria.com\/wp-content\/uploads\/2024\/06\/Favicon-512.png\",\"contentUrl\":\"https:\/\/villaicaria.com\/wp-content\/uploads\/2024\/06\/Favicon-512.png\",\"width\":512,\"height\":512,\"caption\":\"Villa Icaria\"},\"image\":{\"@id\":\"https:\/\/villaicaria.com\/en\/#\/schema\/logo\/image\/\"},\"sameAs\":[\"https:\/\/www.instagram.com\/villaicaria\/\"]}]}<\/script>\n<!-- \/ Yoast SEO plugin. -->","yoast_head_json":{"title":"Villa Icaria","description":"Conjunto arquitect\u00f3nico en Saced\u00f3n, Guadalajara, en los m\u00e1rgenes del r\u00edo Tajo y a orillas del Mar de Castilla, donde priman la ecolog\u00eda y la sostenibilidad.","robots":{"index":"index","follow":"follow","max-snippet":"max-snippet:-1","max-image-preview":"max-image-preview:large","max-video-preview":"max-video-preview:-1"},"canonical":"https:\/\/villaicaria.com\/en\/","og_locale":"en_US","og_type":"article","og_title":"Villa Icaria","og_description":"Conjunto arquitect\u00f3nico en Saced\u00f3n, Guadalajara, en los m\u00e1rgenes del r\u00edo Tajo y a orillas del Mar de Castilla, donde priman la ecolog\u00eda y la sostenibilidad.","og_url":"https:\/\/villaicaria.com\/en\/","og_site_name":"Villa Icaria","article_modified_time":"2025-01-09T09:59:27+00:00","og_image":[{"width":1200,"height":675,"url":"https:\/\/villaicaria.com\/wp-content\/uploads\/2024\/06\/screenshot-yoast.png","type":"image\/png"}],"twitter_card":"summary_large_image","twitter_misc":{"Est. reading time":"3 minutes"},"schema":{"@context":"https:\/\/schema.org","@graph":[{"@type":"WebPage","@id":"https:\/\/villaicaria.com\/en\/","url":"https:\/\/villaicaria.com\/en\/","name":"Villa Icaria","isPartOf":{"@id":"https:\/\/villaicaria.com\/en\/#website"},"datePublished":"2024-06-07T10:44:55+00:00","dateModified":"2025-01-09T09:59:27+00:00","description":"Conjunto arquitect\u00f3nico en Saced\u00f3n, Guadalajara, en los m\u00e1rgenes del r\u00edo Tajo y a orillas del Mar de Castilla, donde priman la ecolog\u00eda y la sostenibilidad.","breadcrumb":{"@id":"https:\/\/villaicaria.com\/en\/#breadcrumb"},"inLanguage":"en-US","potentialAction":[{"@type":"ReadAction","target":["https:\/\/villaicaria.com\/en\/"]}]},{"@type":"BreadcrumbList","@id":"https:\/\/villaicaria.com\/en\/#breadcrumb","itemListElement":[{"@type":"ListItem","position":1,"name":"Portada","item":"https:\/\/villaicaria.com\/en\/"},{"@type":"ListItem","position":2,"name":"Home"}]},{"@type":"WebSite","@id":"https:\/\/villaicaria.com\/en\/#website","url":"https:\/\/villaicaria.com\/en\/","name":"Villa Icaria","description":"Conjunto arquitect\u00f3nico en Saced\u00f3n, Guadalajara, en los m\u00e1rgenes del r\u00edo Tajo y a orillas del Mar de Castilla, donde priman la ecolog\u00eda y la sostenibilidad.","publisher":{"@id":"https:\/\/villaicaria.com\/en\/#organization"},"alternateName":"Villa Icaria","potentialAction":[{"@type":"SearchAction","target":{"@type":"EntryPoint","urlTemplate":"https:\/\/villaicaria.com\/en\/?s={search_term_string}"},"query-input":{"@type":"PropertyValueSpecification","valueRequired":true,"valueName":"search_term_string"}}],"inLanguage":"en-US"},{"@type":"Organization","@id":"https:\/\/villaicaria.com\/en\/#organization","name":"Villa Icaria","alternateName":"Villa Icaria - Arquitectura Al Descubierto","url":"https:\/\/villaicaria.com\/en\/","logo":{"@type":"ImageObject","inLanguage":"en-US","@id":"https:\/\/villaicaria.com\/en\/#\/schema\/logo\/image\/","url":"https:\/\/villaicaria.com\/wp-content\/uploads\/2024\/06\/Favicon-512.png","contentUrl":"https:\/\/villaicaria.com\/wp-content\/uploads\/2024\/06\/Favicon-512.png","width":512,"height":512,"caption":"Villa Icaria"},"image":{"@id":"https:\/\/villaicaria.com\/en\/#\/schema\/logo\/image\/"},"sameAs":["https:\/\/www.instagram.com\/villaicaria\/"]}]}},"_links":{"self":[{"href":"https:\/\/villaicaria.com\/en\/wp-json\/wp\/v2\/pages\/499","targetHints":{"allow":["GET"]}}],"collection":[{"href":"https:\/\/villaicaria.com\/en\/wp-json\/wp\/v2\/pages"}],"about":[{"href":"https:\/\/villaicaria.com\/en\/wp-json\/wp\/v2\/types\/page"}],"author":[{"embeddable":true,"href":"https:\/\/villaicaria.com\/en\/wp-json\/wp\/v2\/users\/1"}],"replies":[{"embeddable":true,"href":"https:\/\/villaicaria.com\/en\/wp-json\/wp\/v2\/comments?post=499"}],"version-history":[{"count":4,"href":"https:\/\/villaicaria.com\/en\/wp-json\/wp\/v2\/pages\/499\/revisions"}],"predecessor-version":[{"id":528,"href":"https:\/\/villaicaria.com\/en\/wp-json\/wp\/v2\/pages\/499\/revisions\/528"}],"wp:attachment":[{"href":"https:\/\/villaicaria.com\/en\/wp-json\/wp\/v2\/media?parent=499"}],"curies":[{"name":"wp","href":"https:\/\/api.w.org\/{rel}","templated":true}]}}