{"id":496,"date":"2024-06-19T14:15:42","date_gmt":"2024-06-19T12:15:42","guid":{"rendered":"https:\/\/villaicaria.com\/cookie-policy\/"},"modified":"2024-10-09T14:06:51","modified_gmt":"2024-10-09T12:06:51","slug":"cookie-policy","status":"publish","type":"page","link":"https:\/\/villaicaria.com\/en\/cookie-policy\/","title":{"rendered":"Cookie Policy"},"content":{"rendered":"<div class=\"wpb-content-wrapper\">[vc_row el_class=&#8221;politicas&#8221;][vc_column][vc_column_text css=&#8221;&#8221;]\n<h1>Cookies Policy<\/h1>\n<p>&nbsp;<\/p>\n<h5>What are cookies?<\/h5>\n<p>&nbsp;<\/p>\n<p>This Cookie Policy explains what cookies are and how we use them, the types of cookies we use, i.e., the information we collect using cookies and how that information is used, and how to manage your cookie settings.<\/p>\n<p>&nbsp;<\/p>\n<p>Cookies are small text files that are used to store small pieces of information. They are stored on your device when the website loads in your browser. These cookies help us make the website work properly, make it more secure, provide a better user experience and understand how the website works and analyze what works and where it needs improvement.  <\/p>\n<p>&nbsp;<\/p>\n<h5>How do we use cookies?<\/h5>\n<p>&nbsp;<\/p>\n<p>Like most online services, our website uses first-party and third-party cookies for various purposes. First-party cookies are mostly necessary for the website to function properly and do not collect any of your personally identifiable information. <\/p>\n<p>&nbsp;<\/p>\n<p>Third-party cookies used on our website are primarily to understand how the website works, how you interact with our website, keep our services secure, provide advertisements that are relevant to you and generally provide you with a better and improved user. experience and help speed up your future interactions with our website. <\/p>\n<p>&nbsp;<\/p>\n<h5>Cookie Policy<\/h5>\n<div class=\"cky-audit-table-element\"><\/div>\n<p>&nbsp;<\/p>\n<h5>Manage cookie preferences<\/h5>\n<p>&nbsp;<\/p>\n<p><a class=\"cky-banner-element\">Cookie settings<\/a><\/p>\n<p>&nbsp;<\/p>\n<p>You can change your cookie preferences at any time by clicking the button above. This will allow you to revisit the cookie consent banner and change your preferences or withdraw your consent immediately. <\/p>\n<p>&nbsp;<\/p>\n<p>In addition to this, different browsers offer different methods to block and delete cookies used by websites. You can change your browser settings to block\/delete cookies. Listed below are links to support documents on how to manage and delete cookies from the major web browsers.  <\/p>\n<p>&nbsp;<\/p>\n<p>Chrome: <a href=\"https:\/\/support.google.com\/accounts\/answer\/32050\" target=\"_blank\" rel=\"noopener\">https:\/\/support.google.com\/accounts\/answer\/32050<\/a><\/p>\n<p>&nbsp;<\/p>\n<p>Safari: <a href=\"https:\/\/support.apple.com\/en-in\/guide\/safari\/sfri11471\/mac\" target=\"_blank\" rel=\"noopener\">https:\/\/support.apple.com\/en-in\/guide\/safari\/sfri11471\/mac<\/a><\/p>\n<p>&nbsp;<\/p>\n<p>Firefox: <a href=\"https:\/\/support.mozilla.org\/en-US\/kb\/clear-cookies-and-site-data-firefox?redirectslug=delete-cookies-remove-info-websites-stored&amp;redirectlocale=en-US\" target=\"_blank\" rel=\"noopener\">https:\/\/support.mozilla.org\/en-US\/kb\/clear-cookies-and-site-data-firefox?redirectslug=delete-cookies-remove-info-websites-stored&amp;redirectlocale=en-US<\/a><\/p>\n<p>&nbsp;<\/p>\n<p>Internet Explorer: <a href=\"https:\/\/support.microsoft.com\/en-us\/topic\/how-to-delete-cookie-files-in-internet-explorer-bca9446f-d873-78de-77ba-d42645fa52fc\" target=\"_blank\" rel=\"noopener\">https:\/\/support.microsoft.com\/en-us\/topic\/how-to-delete-cookie-files-in-internet-explorer-bca9446f-d873-78de-77ba-d42645fa52fc<\/a><\/p>\n<p>&nbsp;<\/p>\n<p>If you are using any other web browser, please visit the official support documents for your browser.[\/vc_column_text][\/vc_column][\/vc_row]\n<\/div>","protected":false},"excerpt":{"rendered":"<p>[vc_row el_class=&#8221;politicas&#8221;][vc_column][vc_column_text css=&#8221;&#8221;] Cookies Policy &nbsp; What are cookies? &nbsp; This Cookie Policy explains what cookies are and how we use them, the types of cookies we use, i.e., the information we collect using cookies and how that information is used, and how to manage your cookie settings. &nbsp; Cookies are small text files that&hellip;<\/p>\n","protected":false},"author":1,"featured_media":0,"parent":0,"menu_order":0,"comment_status":"closed","ping_status":"closed","template":"","meta":{"footnotes":""},"class_list":["post-496","page","type-page","status-publish","hentry"],"yoast_head":"<!-- This site is optimized with the Yoast SEO plugin v27.4 - https:\/\/yoast.com\/product\/yoast-seo-wordpress\/ -->\n<title>Villa Icaria &#8212; Cookie Policy<\/title>\n<meta name=\"description\" content=\"Conjunto arquitect\u00f3nico en Saced\u00f3n, Guadalajara, en los m\u00e1rgenes del r\u00edo Tajo y a orillas del Mar de Castilla, donde priman la ecolog\u00eda y la sostenibilidad.\" \/>\n<meta name=\"robots\" content=\"index, follow, max-snippet:-1, max-image-preview:large, max-video-preview:-1\" \/>\n<link rel=\"canonical\" href=\"https:\/\/villaicaria.com\/en\/cookie-policy\/\" \/>\n<meta property=\"og:locale\" content=\"en_US\" \/>\n<meta property=\"og:type\" content=\"article\" \/>\n<meta property=\"og:title\" content=\"Villa Icaria &#8212; Cookie Policy\" \/>\n<meta property=\"og:description\" content=\"Conjunto arquitect\u00f3nico en Saced\u00f3n, Guadalajara, en los m\u00e1rgenes del r\u00edo Tajo y a orillas del Mar de Castilla, donde priman la ecolog\u00eda y la sostenibilidad.\" \/>\n<meta property=\"og:url\" content=\"https:\/\/villaicaria.com\/en\/cookie-policy\/\" \/>\n<meta property=\"og:site_name\" content=\"Villa Icaria\" \/>\n<meta property=\"article:modified_time\" content=\"2024-10-09T12:06:51+00:00\" \/>\n<meta property=\"og:image\" content=\"https:\/\/villaicaria.com\/wp-content\/uploads\/2024\/06\/screenshot-yoast.png\" \/>\n\t<meta property=\"og:image:width\" content=\"1200\" \/>\n\t<meta property=\"og:image:height\" content=\"675\" \/>\n\t<meta property=\"og:image:type\" content=\"image\/png\" \/>\n<meta name=\"twitter:card\" content=\"summary_large_image\" \/>\n<meta name=\"twitter:label1\" content=\"Est. reading time\" \/>\n\t<meta name=\"twitter:data1\" content=\"2 minutes\" \/>\n<script type=\"application\/ld+json\" class=\"yoast-schema-graph\">{\"@context\":\"https:\\\/\\\/schema.org\",\"@graph\":[{\"@type\":\"WebPage\",\"@id\":\"https:\\\/\\\/villaicaria.com\\\/en\\\/cookie-policy\\\/\",\"url\":\"https:\\\/\\\/villaicaria.com\\\/en\\\/cookie-policy\\\/\",\"name\":\"Villa Icaria &#8212; Cookie Policy\",\"isPartOf\":{\"@id\":\"https:\\\/\\\/villaicaria.com\\\/en\\\/#website\"},\"datePublished\":\"2024-06-19T12:15:42+00:00\",\"dateModified\":\"2024-10-09T12:06:51+00:00\",\"description\":\"Conjunto arquitect\u00f3nico en Saced\u00f3n, Guadalajara, en los m\u00e1rgenes del r\u00edo Tajo y a orillas del Mar de Castilla, donde priman la ecolog\u00eda y la sostenibilidad.\",\"breadcrumb\":{\"@id\":\"https:\\\/\\\/villaicaria.com\\\/en\\\/cookie-policy\\\/#breadcrumb\"},\"inLanguage\":\"en-US\",\"potentialAction\":[{\"@type\":\"ReadAction\",\"target\":[\"https:\\\/\\\/villaicaria.com\\\/en\\\/cookie-policy\\\/\"]}]},{\"@type\":\"BreadcrumbList\",\"@id\":\"https:\\\/\\\/villaicaria.com\\\/en\\\/cookie-policy\\\/#breadcrumb\",\"itemListElement\":[{\"@type\":\"ListItem\",\"position\":1,\"name\":\"Portada\",\"item\":\"https:\\\/\\\/villaicaria.com\\\/en\\\/\"},{\"@type\":\"ListItem\",\"position\":2,\"name\":\"Cookie Policy\"}]},{\"@type\":\"WebSite\",\"@id\":\"https:\\\/\\\/villaicaria.com\\\/en\\\/#website\",\"url\":\"https:\\\/\\\/villaicaria.com\\\/en\\\/\",\"name\":\"Villa Icaria\",\"description\":\"Conjunto arquitect\u00f3nico en Saced\u00f3n, Guadalajara, en los m\u00e1rgenes del r\u00edo Tajo y a orillas del Mar de Castilla, donde priman la ecolog\u00eda y la sostenibilidad.\",\"publisher\":{\"@id\":\"https:\\\/\\\/villaicaria.com\\\/en\\\/#organization\"},\"alternateName\":\"Villa Icaria\",\"potentialAction\":[{\"@type\":\"SearchAction\",\"target\":{\"@type\":\"EntryPoint\",\"urlTemplate\":\"https:\\\/\\\/villaicaria.com\\\/en\\\/?s={search_term_string}\"},\"query-input\":{\"@type\":\"PropertyValueSpecification\",\"valueRequired\":true,\"valueName\":\"search_term_string\"}}],\"inLanguage\":\"en-US\"},{\"@type\":\"Organization\",\"@id\":\"https:\\\/\\\/villaicaria.com\\\/en\\\/#organization\",\"name\":\"Villa Icaria\",\"alternateName\":\"Villa Icaria - Arquitectura Al Descubierto\",\"url\":\"https:\\\/\\\/villaicaria.com\\\/en\\\/\",\"logo\":{\"@type\":\"ImageObject\",\"inLanguage\":\"en-US\",\"@id\":\"https:\\\/\\\/villaicaria.com\\\/en\\\/#\\\/schema\\\/logo\\\/image\\\/\",\"url\":\"https:\\\/\\\/villaicaria.com\\\/wp-content\\\/uploads\\\/2024\\\/06\\\/Favicon-512.png\",\"contentUrl\":\"https:\\\/\\\/villaicaria.com\\\/wp-content\\\/uploads\\\/2024\\\/06\\\/Favicon-512.png\",\"width\":512,\"height\":512,\"caption\":\"Villa Icaria\"},\"image\":{\"@id\":\"https:\\\/\\\/villaicaria.com\\\/en\\\/#\\\/schema\\\/logo\\\/image\\\/\"},\"sameAs\":[\"https:\\\/\\\/www.instagram.com\\\/villaicaria\\\/\"]}]}<\/script>\n<!-- \/ Yoast SEO plugin. -->","yoast_head_json":{"title":"Villa Icaria &#8212; Cookie Policy","description":"Conjunto arquitect\u00f3nico en Saced\u00f3n, Guadalajara, en los m\u00e1rgenes del r\u00edo Tajo y a orillas del Mar de Castilla, donde priman la ecolog\u00eda y la sostenibilidad.","robots":{"index":"index","follow":"follow","max-snippet":"max-snippet:-1","max-image-preview":"max-image-preview:large","max-video-preview":"max-video-preview:-1"},"canonical":"https:\/\/villaicaria.com\/en\/cookie-policy\/","og_locale":"en_US","og_type":"article","og_title":"Villa Icaria &#8212; Cookie Policy","og_description":"Conjunto arquitect\u00f3nico en Saced\u00f3n, Guadalajara, en los m\u00e1rgenes del r\u00edo Tajo y a orillas del Mar de Castilla, donde priman la ecolog\u00eda y la sostenibilidad.","og_url":"https:\/\/villaicaria.com\/en\/cookie-policy\/","og_site_name":"Villa Icaria","article_modified_time":"2024-10-09T12:06:51+00:00","og_image":[{"width":1200,"height":675,"url":"https:\/\/villaicaria.com\/wp-content\/uploads\/2024\/06\/screenshot-yoast.png","type":"image\/png"}],"twitter_card":"summary_large_image","twitter_misc":{"Est. reading time":"2 minutes"},"schema":{"@context":"https:\/\/schema.org","@graph":[{"@type":"WebPage","@id":"https:\/\/villaicaria.com\/en\/cookie-policy\/","url":"https:\/\/villaicaria.com\/en\/cookie-policy\/","name":"Villa Icaria &#8212; Cookie Policy","isPartOf":{"@id":"https:\/\/villaicaria.com\/en\/#website"},"datePublished":"2024-06-19T12:15:42+00:00","dateModified":"2024-10-09T12:06:51+00:00","description":"Conjunto arquitect\u00f3nico en Saced\u00f3n, Guadalajara, en los m\u00e1rgenes del r\u00edo Tajo y a orillas del Mar de Castilla, donde priman la ecolog\u00eda y la sostenibilidad.","breadcrumb":{"@id":"https:\/\/villaicaria.com\/en\/cookie-policy\/#breadcrumb"},"inLanguage":"en-US","potentialAction":[{"@type":"ReadAction","target":["https:\/\/villaicaria.com\/en\/cookie-policy\/"]}]},{"@type":"BreadcrumbList","@id":"https:\/\/villaicaria.com\/en\/cookie-policy\/#breadcrumb","itemListElement":[{"@type":"ListItem","position":1,"name":"Portada","item":"https:\/\/villaicaria.com\/en\/"},{"@type":"ListItem","position":2,"name":"Cookie Policy"}]},{"@type":"WebSite","@id":"https:\/\/villaicaria.com\/en\/#website","url":"https:\/\/villaicaria.com\/en\/","name":"Villa Icaria","description":"Conjunto arquitect\u00f3nico en Saced\u00f3n, Guadalajara, en los m\u00e1rgenes del r\u00edo Tajo y a orillas del Mar de Castilla, donde priman la ecolog\u00eda y la sostenibilidad.","publisher":{"@id":"https:\/\/villaicaria.com\/en\/#organization"},"alternateName":"Villa Icaria","potentialAction":[{"@type":"SearchAction","target":{"@type":"EntryPoint","urlTemplate":"https:\/\/villaicaria.com\/en\/?s={search_term_string}"},"query-input":{"@type":"PropertyValueSpecification","valueRequired":true,"valueName":"search_term_string"}}],"inLanguage":"en-US"},{"@type":"Organization","@id":"https:\/\/villaicaria.com\/en\/#organization","name":"Villa Icaria","alternateName":"Villa Icaria - Arquitectura Al Descubierto","url":"https:\/\/villaicaria.com\/en\/","logo":{"@type":"ImageObject","inLanguage":"en-US","@id":"https:\/\/villaicaria.com\/en\/#\/schema\/logo\/image\/","url":"https:\/\/villaicaria.com\/wp-content\/uploads\/2024\/06\/Favicon-512.png","contentUrl":"https:\/\/villaicaria.com\/wp-content\/uploads\/2024\/06\/Favicon-512.png","width":512,"height":512,"caption":"Villa Icaria"},"image":{"@id":"https:\/\/villaicaria.com\/en\/#\/schema\/logo\/image\/"},"sameAs":["https:\/\/www.instagram.com\/villaicaria\/"]}]}},"_links":{"self":[{"href":"https:\/\/villaicaria.com\/en\/wp-json\/wp\/v2\/pages\/496","targetHints":{"allow":["GET"]}}],"collection":[{"href":"https:\/\/villaicaria.com\/en\/wp-json\/wp\/v2\/pages"}],"about":[{"href":"https:\/\/villaicaria.com\/en\/wp-json\/wp\/v2\/types\/page"}],"author":[{"embeddable":true,"href":"https:\/\/villaicaria.com\/en\/wp-json\/wp\/v2\/users\/1"}],"replies":[{"embeddable":true,"href":"https:\/\/villaicaria.com\/en\/wp-json\/wp\/v2\/comments?post=496"}],"version-history":[{"count":1,"href":"https:\/\/villaicaria.com\/en\/wp-json\/wp\/v2\/pages\/496\/revisions"}],"predecessor-version":[{"id":497,"href":"https:\/\/villaicaria.com\/en\/wp-json\/wp\/v2\/pages\/496\/revisions\/497"}],"wp:attachment":[{"href":"https:\/\/villaicaria.com\/en\/wp-json\/wp\/v2\/media?parent=496"}],"curies":[{"name":"wp","href":"https:\/\/api.w.org\/{rel}","templated":true}]}}