{"id":494,"date":"2024-06-19T16:56:31","date_gmt":"2024-06-19T14:56:31","guid":{"rendered":"https:\/\/villaicaria.com\/environment\/"},"modified":"2024-10-09T14:06:51","modified_gmt":"2024-10-09T12:06:51","slug":"environment","status":"publish","type":"page","link":"https:\/\/villaicaria.com\/en\/environment\/","title":{"rendered":"Environment"},"content":{"rendered":"<div class=\"wpb-content-wrapper\">[vc_row thb_full_width=&#8221;true&#8221; thb_row_padding=&#8221;true&#8221; content_placement=&#8221;top&#8221;][vc_column]\t<div id=\"thb-image-69f4c385af3ef\" class=\"caption-style1  aligncenter full hero-image thb_image_link wp-caption \">\r\n\t  \t\t\t<div class=\"thb-image-inner size_100\">\r\n\t\t\t\t<img loading=\"lazy\" decoding=\"async\" width=\"1920\" height=\"1080\" src=\"https:\/\/villaicaria.com\/wp-content\/uploads\/2024\/06\/Villa-Icaria-Hero-Entorno.webp\" class=\"thb_image   attachment-full\" alt=\"\" title=\"Villa-Icaria-Hero-Entorno\" srcset=\"https:\/\/villaicaria.com\/wp-content\/uploads\/2024\/06\/Villa-Icaria-Hero-Entorno.webp 1920w, https:\/\/villaicaria.com\/wp-content\/uploads\/2024\/06\/Villa-Icaria-Hero-Entorno-600x338.webp 600w, https:\/\/villaicaria.com\/wp-content\/uploads\/2024\/06\/Villa-Icaria-Hero-Entorno-768x432.webp 768w, https:\/\/villaicaria.com\/wp-content\/uploads\/2024\/06\/Villa-Icaria-Hero-Entorno-1536x864.webp 1536w, https:\/\/villaicaria.com\/wp-content\/uploads\/2024\/06\/Villa-Icaria-Hero-Entorno-300x169.webp 300w\" sizes=\"auto, (max-width: 1920px) 100vw, 1920px\" \/>\t\t\t\t\t\t\t<\/div>\r\n\t\t\t\t\t\t\t\t\t<div class=\"thb-image-content\">\r\n\t\t\tactive environment\t\t\t<\/div>\r\n\t\t\t\t\t<\/div>\r\n\t[\/vc_column][\/vc_row][vc_row el_class=&#8221;page-titular&#8221;][vc_column animation=&#8221;animation bottom-to-top&#8221;][vc_column_text css=&#8221;&#8221;]\n<h1>The Alcarria is a territory that mixes large extensions of pine, oak and beech forests, covered with olive and lavender fields, bathed by reservoirs and crossed by the Tagus and its tributaries.<\/h1>\n[\/vc_column_text][\/vc_column][\/vc_row][vc_row][vc_column animation=&#8221;animation bottom-to-top&#8221;][vc_media_grid gap=&#8221;10&#8243; css=&#8221;&#8221; initial_loading_animation=&#8221;slideInUp&#8221; grid_id=&#8221;vc_gid:1719812440250-1d7b056f-385d-6&#8243; include=&#8221;395,396,397,398,399,400&#8243;][\/vc_column][\/vc_row][vc_row el_class=&#8221;page-titular&#8221;][vc_column animation=&#8221;animation bottom-to-top&#8221;][vc_column_text css=&#8221;&#8221;]\n<h4>This place is surrounded by archaeological sites such as Erc\u00e1vica or Rec\u00f3polis. A few minutes away you can visit the monastery of Monsalud and the village of Bolarque. Less than thirty kilometers away you can discover villages of great historical and cultural interest such as Zorita de los Canes and Pastrana.  <\/h4>\n[\/vc_column_text][\/vc_column][\/vc_row][vc_row][vc_column animation=&#8221;animation bottom-to-top&#8221;][vc_media_grid gap=&#8221;10&#8243; css=&#8221;&#8221; initial_loading_animation=&#8221;slideInUp&#8221; grid_id=&#8221;vc_gid:1719812440252-69a40bd9-66b7-4&#8243; include=&#8221;402,403,404,405,406,407,408,409,410&#8243;][\/vc_column][\/vc_row][vc_row el_class=&#8221;page-titular&#8221;][vc_column animation=&#8221;animation bottom-to-top&#8221;][vc_column_text css=&#8221;&#8221;]\n<h4>The nearby Buend\u00eda reservoir offers the possibility of kite surfing, water skiing and windsurfing. Boats can be rented in the surrounding area to enjoy leisurely strolls along the river, as well as recreational fishing. It is possible to practice cycling and via ferrata through the majestic landscapes carved into the rock.  <\/h4>\n[\/vc_column_text][\/vc_column][\/vc_row]\n<\/div>","protected":false},"excerpt":{"rendered":"<p>[vc_row thb_full_width=&#8221;true&#8221; thb_row_padding=&#8221;true&#8221; content_placement=&#8221;top&#8221;][vc_column][\/vc_column][\/vc_row][vc_row el_class=&#8221;page-titular&#8221;][vc_column animation=&#8221;animation bottom-to-top&#8221;][vc_column_text css=&#8221;&#8221;] The Alcarria is a territory that mixes large extensions of pine, oak and beech forests, covered with olive and lavender fields, bathed by reservoirs and crossed by the Tagus and its tributaries. [\/vc_column_text][\/vc_column][\/vc_row][vc_row][vc_column animation=&#8221;animation bottom-to-top&#8221;][vc_media_grid gap=&#8221;10&#8243; css=&#8221;&#8221; initial_loading_animation=&#8221;slideInUp&#8221; grid_id=&#8221;vc_gid:1719812440250-1d7b056f-385d-6&#8243; include=&#8221;395,396,397,398,399,400&#8243;][\/vc_column][\/vc_row][vc_row el_class=&#8221;page-titular&#8221;][vc_column animation=&#8221;animation bottom-to-top&#8221;][vc_column_text css=&#8221;&#8221;] This place is&hellip;<\/p>\n","protected":false},"author":1,"featured_media":0,"parent":0,"menu_order":0,"comment_status":"closed","ping_status":"closed","template":"","meta":{"footnotes":""},"class_list":["post-494","page","type-page","status-publish","hentry"],"yoast_head":"<!-- This site is optimized with the Yoast SEO plugin v27.5 - https:\/\/yoast.com\/product\/yoast-seo-wordpress\/ -->\n<title>Villa Icaria &#8212; Environment<\/title>\n<meta name=\"description\" content=\"The Alcarria is a territory of large forests of pine, oak, beech, olive and lavender trees, bathed by reservoirs and crossed by the Tagus.\" \/>\n<meta name=\"robots\" content=\"index, follow, max-snippet:-1, max-image-preview:large, max-video-preview:-1\" \/>\n<link rel=\"canonical\" href=\"https:\/\/villaicaria.com\/en\/environment\/\" \/>\n<meta property=\"og:locale\" content=\"en_US\" \/>\n<meta property=\"og:type\" content=\"article\" \/>\n<meta property=\"og:title\" content=\"Villa Icaria &#8212; Environment\" \/>\n<meta property=\"og:description\" content=\"The Alcarria is a territory of large forests of pine, oak, beech, olive and lavender trees, bathed by reservoirs and crossed by the Tagus.\" \/>\n<meta property=\"og:url\" content=\"https:\/\/villaicaria.com\/en\/environment\/\" \/>\n<meta property=\"og:site_name\" content=\"Villa Icaria\" \/>\n<meta property=\"article:modified_time\" content=\"2024-10-09T12:06:51+00:00\" \/>\n<meta property=\"og:image\" content=\"https:\/\/villaicaria.com\/wp-content\/uploads\/2024\/06\/screenshot-yoast.png\" \/>\n\t<meta property=\"og:image:width\" content=\"1200\" \/>\n\t<meta property=\"og:image:height\" content=\"675\" \/>\n\t<meta property=\"og:image:type\" content=\"image\/png\" \/>\n<meta name=\"twitter:card\" content=\"summary_large_image\" \/>\n<meta name=\"twitter:label1\" content=\"Est. reading time\" \/>\n\t<meta name=\"twitter:data1\" content=\"1 minute\" \/>\n<script type=\"application\/ld+json\" class=\"yoast-schema-graph\">{\"@context\":\"https:\\\/\\\/schema.org\",\"@graph\":[{\"@type\":\"WebPage\",\"@id\":\"https:\\\/\\\/villaicaria.com\\\/en\\\/environment\\\/\",\"url\":\"https:\\\/\\\/villaicaria.com\\\/en\\\/environment\\\/\",\"name\":\"Villa Icaria &#8212; Environment\",\"isPartOf\":{\"@id\":\"https:\\\/\\\/villaicaria.com\\\/en\\\/#website\"},\"datePublished\":\"2024-06-19T14:56:31+00:00\",\"dateModified\":\"2024-10-09T12:06:51+00:00\",\"description\":\"The Alcarria is a territory of large forests of pine, oak, beech, olive and lavender trees, bathed by reservoirs and crossed by the Tagus.\",\"breadcrumb\":{\"@id\":\"https:\\\/\\\/villaicaria.com\\\/en\\\/environment\\\/#breadcrumb\"},\"inLanguage\":\"en-US\",\"potentialAction\":[{\"@type\":\"ReadAction\",\"target\":[\"https:\\\/\\\/villaicaria.com\\\/en\\\/environment\\\/\"]}]},{\"@type\":\"BreadcrumbList\",\"@id\":\"https:\\\/\\\/villaicaria.com\\\/en\\\/environment\\\/#breadcrumb\",\"itemListElement\":[{\"@type\":\"ListItem\",\"position\":1,\"name\":\"Portada\",\"item\":\"https:\\\/\\\/villaicaria.com\\\/en\\\/\"},{\"@type\":\"ListItem\",\"position\":2,\"name\":\"Environment\"}]},{\"@type\":\"WebSite\",\"@id\":\"https:\\\/\\\/villaicaria.com\\\/en\\\/#website\",\"url\":\"https:\\\/\\\/villaicaria.com\\\/en\\\/\",\"name\":\"Villa Icaria\",\"description\":\"Conjunto arquitect\u00f3nico en Saced\u00f3n, Guadalajara, en los m\u00e1rgenes del r\u00edo Tajo y a orillas del Mar de Castilla, donde priman la ecolog\u00eda y la sostenibilidad.\",\"publisher\":{\"@id\":\"https:\\\/\\\/villaicaria.com\\\/en\\\/#organization\"},\"alternateName\":\"Villa Icaria\",\"potentialAction\":[{\"@type\":\"SearchAction\",\"target\":{\"@type\":\"EntryPoint\",\"urlTemplate\":\"https:\\\/\\\/villaicaria.com\\\/en\\\/?s={search_term_string}\"},\"query-input\":{\"@type\":\"PropertyValueSpecification\",\"valueRequired\":true,\"valueName\":\"search_term_string\"}}],\"inLanguage\":\"en-US\"},{\"@type\":\"Organization\",\"@id\":\"https:\\\/\\\/villaicaria.com\\\/en\\\/#organization\",\"name\":\"Villa Icaria\",\"alternateName\":\"Villa Icaria - Arquitectura Al Descubierto\",\"url\":\"https:\\\/\\\/villaicaria.com\\\/en\\\/\",\"logo\":{\"@type\":\"ImageObject\",\"inLanguage\":\"en-US\",\"@id\":\"https:\\\/\\\/villaicaria.com\\\/en\\\/#\\\/schema\\\/logo\\\/image\\\/\",\"url\":\"https:\\\/\\\/villaicaria.com\\\/wp-content\\\/uploads\\\/2024\\\/06\\\/Favicon-512.png\",\"contentUrl\":\"https:\\\/\\\/villaicaria.com\\\/wp-content\\\/uploads\\\/2024\\\/06\\\/Favicon-512.png\",\"width\":512,\"height\":512,\"caption\":\"Villa Icaria\"},\"image\":{\"@id\":\"https:\\\/\\\/villaicaria.com\\\/en\\\/#\\\/schema\\\/logo\\\/image\\\/\"},\"sameAs\":[\"https:\\\/\\\/www.instagram.com\\\/villaicaria\\\/\"]}]}<\/script>\n<!-- \/ Yoast SEO plugin. -->","yoast_head_json":{"title":"Villa Icaria &#8212; Environment","description":"The Alcarria is a territory of large forests of pine, oak, beech, olive and lavender trees, bathed by reservoirs and crossed by the Tagus.","robots":{"index":"index","follow":"follow","max-snippet":"max-snippet:-1","max-image-preview":"max-image-preview:large","max-video-preview":"max-video-preview:-1"},"canonical":"https:\/\/villaicaria.com\/en\/environment\/","og_locale":"en_US","og_type":"article","og_title":"Villa Icaria &#8212; Environment","og_description":"The Alcarria is a territory of large forests of pine, oak, beech, olive and lavender trees, bathed by reservoirs and crossed by the Tagus.","og_url":"https:\/\/villaicaria.com\/en\/environment\/","og_site_name":"Villa Icaria","article_modified_time":"2024-10-09T12:06:51+00:00","og_image":[{"width":1200,"height":675,"url":"https:\/\/villaicaria.com\/wp-content\/uploads\/2024\/06\/screenshot-yoast.png","type":"image\/png"}],"twitter_card":"summary_large_image","twitter_misc":{"Est. reading time":"1 minute"},"schema":{"@context":"https:\/\/schema.org","@graph":[{"@type":"WebPage","@id":"https:\/\/villaicaria.com\/en\/environment\/","url":"https:\/\/villaicaria.com\/en\/environment\/","name":"Villa Icaria &#8212; Environment","isPartOf":{"@id":"https:\/\/villaicaria.com\/en\/#website"},"datePublished":"2024-06-19T14:56:31+00:00","dateModified":"2024-10-09T12:06:51+00:00","description":"The Alcarria is a territory of large forests of pine, oak, beech, olive and lavender trees, bathed by reservoirs and crossed by the Tagus.","breadcrumb":{"@id":"https:\/\/villaicaria.com\/en\/environment\/#breadcrumb"},"inLanguage":"en-US","potentialAction":[{"@type":"ReadAction","target":["https:\/\/villaicaria.com\/en\/environment\/"]}]},{"@type":"BreadcrumbList","@id":"https:\/\/villaicaria.com\/en\/environment\/#breadcrumb","itemListElement":[{"@type":"ListItem","position":1,"name":"Portada","item":"https:\/\/villaicaria.com\/en\/"},{"@type":"ListItem","position":2,"name":"Environment"}]},{"@type":"WebSite","@id":"https:\/\/villaicaria.com\/en\/#website","url":"https:\/\/villaicaria.com\/en\/","name":"Villa Icaria","description":"Conjunto arquitect\u00f3nico en Saced\u00f3n, Guadalajara, en los m\u00e1rgenes del r\u00edo Tajo y a orillas del Mar de Castilla, donde priman la ecolog\u00eda y la sostenibilidad.","publisher":{"@id":"https:\/\/villaicaria.com\/en\/#organization"},"alternateName":"Villa Icaria","potentialAction":[{"@type":"SearchAction","target":{"@type":"EntryPoint","urlTemplate":"https:\/\/villaicaria.com\/en\/?s={search_term_string}"},"query-input":{"@type":"PropertyValueSpecification","valueRequired":true,"valueName":"search_term_string"}}],"inLanguage":"en-US"},{"@type":"Organization","@id":"https:\/\/villaicaria.com\/en\/#organization","name":"Villa Icaria","alternateName":"Villa Icaria - Arquitectura Al Descubierto","url":"https:\/\/villaicaria.com\/en\/","logo":{"@type":"ImageObject","inLanguage":"en-US","@id":"https:\/\/villaicaria.com\/en\/#\/schema\/logo\/image\/","url":"https:\/\/villaicaria.com\/wp-content\/uploads\/2024\/06\/Favicon-512.png","contentUrl":"https:\/\/villaicaria.com\/wp-content\/uploads\/2024\/06\/Favicon-512.png","width":512,"height":512,"caption":"Villa Icaria"},"image":{"@id":"https:\/\/villaicaria.com\/en\/#\/schema\/logo\/image\/"},"sameAs":["https:\/\/www.instagram.com\/villaicaria\/"]}]}},"_links":{"self":[{"href":"https:\/\/villaicaria.com\/en\/wp-json\/wp\/v2\/pages\/494","targetHints":{"allow":["GET"]}}],"collection":[{"href":"https:\/\/villaicaria.com\/en\/wp-json\/wp\/v2\/pages"}],"about":[{"href":"https:\/\/villaicaria.com\/en\/wp-json\/wp\/v2\/types\/page"}],"author":[{"embeddable":true,"href":"https:\/\/villaicaria.com\/en\/wp-json\/wp\/v2\/users\/1"}],"replies":[{"embeddable":true,"href":"https:\/\/villaicaria.com\/en\/wp-json\/wp\/v2\/comments?post=494"}],"version-history":[{"count":2,"href":"https:\/\/villaicaria.com\/en\/wp-json\/wp\/v2\/pages\/494\/revisions"}],"predecessor-version":[{"id":498,"href":"https:\/\/villaicaria.com\/en\/wp-json\/wp\/v2\/pages\/494\/revisions\/498"}],"wp:attachment":[{"href":"https:\/\/villaicaria.com\/en\/wp-json\/wp\/v2\/media?parent=494"}],"curies":[{"name":"wp","href":"https:\/\/api.w.org\/{rel}","templated":true}]}}