{"id":491,"date":"2024-06-07T12:44:22","date_gmt":"2024-06-07T10:44:22","guid":{"rendered":"https:\/\/villaicaria.com\/contact\/"},"modified":"2025-01-09T11:00:50","modified_gmt":"2025-01-09T10:00:50","slug":"contact","status":"publish","type":"page","link":"https:\/\/villaicaria.com\/en\/contact\/","title":{"rendered":"Contact"},"content":{"rendered":"<div class=\"wpb-content-wrapper\">[vc_row][vc_column]\t<div id=\"thb-image-69d68163c6dc4\" class=\"caption-style1 animation bottom-to-top aligncenter  plano-contacto thb_image_link wp-caption \">\r\n\t  \t\t\t<div class=\"thb-image-inner size_100\">\r\n\t\t\t\t<img loading=\"lazy\" decoding=\"async\" width=\"1400\" height=\"815\" src=\"https:\/\/villaicaria.com\/wp-content\/uploads\/2024\/10\/Villa-Icaria-Contact-Map.png\" class=\"thb_image retina_size  attachment-full\" alt=\"\" title=\"Villa-Icaria-Contact-Map\" srcset=\"https:\/\/villaicaria.com\/wp-content\/uploads\/2024\/10\/Villa-Icaria-Contact-Map.png 1400w, https:\/\/villaicaria.com\/wp-content\/uploads\/2024\/10\/Villa-Icaria-Contact-Map-600x349.png 600w, https:\/\/villaicaria.com\/wp-content\/uploads\/2024\/10\/Villa-Icaria-Contact-Map-768x447.png 768w, https:\/\/villaicaria.com\/wp-content\/uploads\/2024\/10\/Villa-Icaria-Contact-Map-300x175.png 300w, https:\/\/villaicaria.com\/wp-content\/uploads\/2024\/10\/Villa-Icaria-Contact-Map-150x87.png 150w, https:\/\/villaicaria.com\/wp-content\/uploads\/2024\/10\/Villa-Icaria-Contact-Map-900x524.png 900w, https:\/\/villaicaria.com\/wp-content\/uploads\/2024\/10\/Villa-Icaria-Contact-Map-20x13.png 20w\" sizes=\"auto, (max-width: 1400px) 100vw, 1400px\" \/>\t\t\t\t\t\t\t<\/div>\r\n\t\t\t\t\t\t\t\t\t<\/div>\r\n\t[vc_row_inner thb_row_padding=&#8221;true&#8221; el_class=&#8221;modulo-contacto&#8221;][vc_column_inner width=&#8221;1\/5&#8243;][vc_column_text css=&#8221;&#8221; animation=&#8221;animation bottom-to-top&#8221;]\n<h1>where<\/h1>\n<p><a href=\"https:\/\/maps.app.goo.gl\/xSxqz7in1UYHibkS7\" target=\"_blank\" rel=\"noopener\"><strong>Saced\u00f3n, Guadalajara<\/strong><\/a>[\/vc_column_text][\/vc_column_inner][vc_column_inner width=&#8221;1\/5&#8243;][\/vc_column_inner][vc_column_inner width=&#8221;1\/5&#8243; animation=&#8221;animation bottom-to-top&#8221;][vc_column_text animation=&#8221;animation bottom-to-top&#8221;]\n<h1>distances<\/h1>\n<p><strong>From Madrid, Puerta de Alcal\u00e1<\/strong><br \/>\n105km -1.10h<\/p>\n<p>&nbsp;<\/p>\n<p><strong>From Airport, T4<\/strong><br \/>\n100km &#8211; 1.00h<\/p>\n<p>&nbsp;<\/p>\n<p><strong>From Guadalajara, Plaza Mayor<\/strong><br \/>\n52km &#8211; 0.40h[\/vc_column_text][\/vc_column_inner][vc_column_inner width=&#8221;1\/5&#8243;][\/vc_column_inner][vc_column_inner width=&#8221;1\/5&#8243;][vc_column_text css=&#8221;&#8221; animation=&#8221;animation bottom-to-top&#8221;]\n<h1>contact<\/h1>\n<p><strong>Email<\/strong><br \/>\n<a href=\"mailto:contacto@villaicaria.com\">contacto@villaicaria.com<\/a><\/p>\n<p>&nbsp;<\/p>\n<p><strong>WhatsApp<\/strong><br \/>\n<a href=\"https:\/\/wa.me\/34669470173\">+34 669 470 173<\/a>[\/vc_column_text][\/vc_column_inner][\/vc_row_inner][\/vc_column][\/vc_row]\n<\/div>","protected":false},"excerpt":{"rendered":"<p>[vc_row][vc_column][vc_row_inner thb_row_padding=&#8221;true&#8221; el_class=&#8221;modulo-contacto&#8221;][vc_column_inner width=&#8221;1\/5&#8243;][vc_column_text css=&#8221;&#8221; animation=&#8221;animation bottom-to-top&#8221;] where Saced\u00f3n, Guadalajara[\/vc_column_text][\/vc_column_inner][vc_column_inner width=&#8221;1\/5&#8243;][\/vc_column_inner][vc_column_inner width=&#8221;1\/5&#8243; animation=&#8221;animation bottom-to-top&#8221;][vc_column_text animation=&#8221;animation bottom-to-top&#8221;] distances From Madrid, Puerta de Alcal\u00e1 105km -1.10h &nbsp; From Airport, T4 100km &#8211; 1.00h &nbsp; From Guadalajara, Plaza Mayor 52km &#8211; 0.40h[\/vc_column_text][\/vc_column_inner][vc_column_inner width=&#8221;1\/5&#8243;][\/vc_column_inner][vc_column_inner width=&#8221;1\/5&#8243;][vc_column_text css=&#8221;&#8221; animation=&#8221;animation bottom-to-top&#8221;] contact Email contacto@villaicaria.com &nbsp; WhatsApp +34 669 470 173[\/vc_column_text][\/vc_column_inner][\/vc_row_inner][\/vc_column][\/vc_row]<\/p>\n","protected":false},"author":1,"featured_media":0,"parent":0,"menu_order":0,"comment_status":"closed","ping_status":"closed","template":"","meta":{"footnotes":""},"class_list":["post-491","page","type-page","status-publish","hentry"],"yoast_head":"<!-- This site is optimized with the Yoast SEO plugin v27.1.1 - https:\/\/yoast.com\/product\/yoast-seo-wordpress\/ -->\n<title>Villa Icaria &#8212; Contact<\/title>\n<meta name=\"description\" content=\"Conjunto arquitect\u00f3nico en Saced\u00f3n, Guadalajara, en los m\u00e1rgenes del r\u00edo Tajo y a orillas del Mar de Castilla, donde priman la ecolog\u00eda y la sostenibilidad.\" \/>\n<meta name=\"robots\" content=\"index, follow, max-snippet:-1, max-image-preview:large, max-video-preview:-1\" \/>\n<link rel=\"canonical\" href=\"https:\/\/villaicaria.com\/en\/contact\/\" \/>\n<meta property=\"og:locale\" content=\"en_US\" \/>\n<meta property=\"og:type\" content=\"article\" \/>\n<meta property=\"og:title\" content=\"Villa Icaria &#8212; Contact\" \/>\n<meta property=\"og:description\" content=\"Conjunto arquitect\u00f3nico en Saced\u00f3n, Guadalajara, en los m\u00e1rgenes del r\u00edo Tajo y a orillas del Mar de Castilla, donde priman la ecolog\u00eda y la sostenibilidad.\" \/>\n<meta property=\"og:url\" content=\"https:\/\/villaicaria.com\/en\/contact\/\" \/>\n<meta property=\"og:site_name\" content=\"Villa Icaria\" \/>\n<meta property=\"article:modified_time\" content=\"2025-01-09T10:00:50+00:00\" \/>\n<meta property=\"og:image\" content=\"https:\/\/villaicaria.com\/wp-content\/uploads\/2024\/06\/screenshot-yoast.png\" \/>\n\t<meta property=\"og:image:width\" content=\"1200\" \/>\n\t<meta property=\"og:image:height\" content=\"675\" \/>\n\t<meta property=\"og:image:type\" content=\"image\/png\" \/>\n<meta name=\"twitter:card\" content=\"summary_large_image\" \/>\n<meta name=\"twitter:label1\" content=\"Est. reading time\" \/>\n\t<meta name=\"twitter:data1\" content=\"1 minute\" \/>\n<script type=\"application\/ld+json\" class=\"yoast-schema-graph\">{\"@context\":\"https:\/\/schema.org\",\"@graph\":[{\"@type\":\"WebPage\",\"@id\":\"https:\/\/villaicaria.com\/en\/contact\/\",\"url\":\"https:\/\/villaicaria.com\/en\/contact\/\",\"name\":\"Villa Icaria &#8212; Contact\",\"isPartOf\":{\"@id\":\"https:\/\/villaicaria.com\/en\/#website\"},\"datePublished\":\"2024-06-07T10:44:22+00:00\",\"dateModified\":\"2025-01-09T10:00:50+00:00\",\"description\":\"Conjunto arquitect\u00f3nico en Saced\u00f3n, Guadalajara, en los m\u00e1rgenes del r\u00edo Tajo y a orillas del Mar de Castilla, donde priman la ecolog\u00eda y la sostenibilidad.\",\"breadcrumb\":{\"@id\":\"https:\/\/villaicaria.com\/en\/contact\/#breadcrumb\"},\"inLanguage\":\"en-US\",\"potentialAction\":[{\"@type\":\"ReadAction\",\"target\":[\"https:\/\/villaicaria.com\/en\/contact\/\"]}]},{\"@type\":\"BreadcrumbList\",\"@id\":\"https:\/\/villaicaria.com\/en\/contact\/#breadcrumb\",\"itemListElement\":[{\"@type\":\"ListItem\",\"position\":1,\"name\":\"Portada\",\"item\":\"https:\/\/villaicaria.com\/en\/\"},{\"@type\":\"ListItem\",\"position\":2,\"name\":\"Contact\"}]},{\"@type\":\"WebSite\",\"@id\":\"https:\/\/villaicaria.com\/en\/#website\",\"url\":\"https:\/\/villaicaria.com\/en\/\",\"name\":\"Villa Icaria\",\"description\":\"Conjunto arquitect\u00f3nico en Saced\u00f3n, Guadalajara, en los m\u00e1rgenes del r\u00edo Tajo y a orillas del Mar de Castilla, donde priman la ecolog\u00eda y la sostenibilidad.\",\"publisher\":{\"@id\":\"https:\/\/villaicaria.com\/en\/#organization\"},\"alternateName\":\"Villa Icaria\",\"potentialAction\":[{\"@type\":\"SearchAction\",\"target\":{\"@type\":\"EntryPoint\",\"urlTemplate\":\"https:\/\/villaicaria.com\/en\/?s={search_term_string}\"},\"query-input\":{\"@type\":\"PropertyValueSpecification\",\"valueRequired\":true,\"valueName\":\"search_term_string\"}}],\"inLanguage\":\"en-US\"},{\"@type\":\"Organization\",\"@id\":\"https:\/\/villaicaria.com\/en\/#organization\",\"name\":\"Villa Icaria\",\"alternateName\":\"Villa Icaria - Arquitectura Al Descubierto\",\"url\":\"https:\/\/villaicaria.com\/en\/\",\"logo\":{\"@type\":\"ImageObject\",\"inLanguage\":\"en-US\",\"@id\":\"https:\/\/villaicaria.com\/en\/#\/schema\/logo\/image\/\",\"url\":\"https:\/\/villaicaria.com\/wp-content\/uploads\/2024\/06\/Favicon-512.png\",\"contentUrl\":\"https:\/\/villaicaria.com\/wp-content\/uploads\/2024\/06\/Favicon-512.png\",\"width\":512,\"height\":512,\"caption\":\"Villa Icaria\"},\"image\":{\"@id\":\"https:\/\/villaicaria.com\/en\/#\/schema\/logo\/image\/\"},\"sameAs\":[\"https:\/\/www.instagram.com\/villaicaria\/\"]}]}<\/script>\n<!-- \/ Yoast SEO plugin. -->","yoast_head_json":{"title":"Villa Icaria &#8212; Contact","description":"Conjunto arquitect\u00f3nico en Saced\u00f3n, Guadalajara, en los m\u00e1rgenes del r\u00edo Tajo y a orillas del Mar de Castilla, donde priman la ecolog\u00eda y la sostenibilidad.","robots":{"index":"index","follow":"follow","max-snippet":"max-snippet:-1","max-image-preview":"max-image-preview:large","max-video-preview":"max-video-preview:-1"},"canonical":"https:\/\/villaicaria.com\/en\/contact\/","og_locale":"en_US","og_type":"article","og_title":"Villa Icaria &#8212; Contact","og_description":"Conjunto arquitect\u00f3nico en Saced\u00f3n, Guadalajara, en los m\u00e1rgenes del r\u00edo Tajo y a orillas del Mar de Castilla, donde priman la ecolog\u00eda y la sostenibilidad.","og_url":"https:\/\/villaicaria.com\/en\/contact\/","og_site_name":"Villa Icaria","article_modified_time":"2025-01-09T10:00:50+00:00","og_image":[{"width":1200,"height":675,"url":"https:\/\/villaicaria.com\/wp-content\/uploads\/2024\/06\/screenshot-yoast.png","type":"image\/png"}],"twitter_card":"summary_large_image","twitter_misc":{"Est. reading time":"1 minute"},"schema":{"@context":"https:\/\/schema.org","@graph":[{"@type":"WebPage","@id":"https:\/\/villaicaria.com\/en\/contact\/","url":"https:\/\/villaicaria.com\/en\/contact\/","name":"Villa Icaria &#8212; Contact","isPartOf":{"@id":"https:\/\/villaicaria.com\/en\/#website"},"datePublished":"2024-06-07T10:44:22+00:00","dateModified":"2025-01-09T10:00:50+00:00","description":"Conjunto arquitect\u00f3nico en Saced\u00f3n, Guadalajara, en los m\u00e1rgenes del r\u00edo Tajo y a orillas del Mar de Castilla, donde priman la ecolog\u00eda y la sostenibilidad.","breadcrumb":{"@id":"https:\/\/villaicaria.com\/en\/contact\/#breadcrumb"},"inLanguage":"en-US","potentialAction":[{"@type":"ReadAction","target":["https:\/\/villaicaria.com\/en\/contact\/"]}]},{"@type":"BreadcrumbList","@id":"https:\/\/villaicaria.com\/en\/contact\/#breadcrumb","itemListElement":[{"@type":"ListItem","position":1,"name":"Portada","item":"https:\/\/villaicaria.com\/en\/"},{"@type":"ListItem","position":2,"name":"Contact"}]},{"@type":"WebSite","@id":"https:\/\/villaicaria.com\/en\/#website","url":"https:\/\/villaicaria.com\/en\/","name":"Villa Icaria","description":"Conjunto arquitect\u00f3nico en Saced\u00f3n, Guadalajara, en los m\u00e1rgenes del r\u00edo Tajo y a orillas del Mar de Castilla, donde priman la ecolog\u00eda y la sostenibilidad.","publisher":{"@id":"https:\/\/villaicaria.com\/en\/#organization"},"alternateName":"Villa Icaria","potentialAction":[{"@type":"SearchAction","target":{"@type":"EntryPoint","urlTemplate":"https:\/\/villaicaria.com\/en\/?s={search_term_string}"},"query-input":{"@type":"PropertyValueSpecification","valueRequired":true,"valueName":"search_term_string"}}],"inLanguage":"en-US"},{"@type":"Organization","@id":"https:\/\/villaicaria.com\/en\/#organization","name":"Villa Icaria","alternateName":"Villa Icaria - Arquitectura Al Descubierto","url":"https:\/\/villaicaria.com\/en\/","logo":{"@type":"ImageObject","inLanguage":"en-US","@id":"https:\/\/villaicaria.com\/en\/#\/schema\/logo\/image\/","url":"https:\/\/villaicaria.com\/wp-content\/uploads\/2024\/06\/Favicon-512.png","contentUrl":"https:\/\/villaicaria.com\/wp-content\/uploads\/2024\/06\/Favicon-512.png","width":512,"height":512,"caption":"Villa Icaria"},"image":{"@id":"https:\/\/villaicaria.com\/en\/#\/schema\/logo\/image\/"},"sameAs":["https:\/\/www.instagram.com\/villaicaria\/"]}]}},"_links":{"self":[{"href":"https:\/\/villaicaria.com\/en\/wp-json\/wp\/v2\/pages\/491","targetHints":{"allow":["GET"]}}],"collection":[{"href":"https:\/\/villaicaria.com\/en\/wp-json\/wp\/v2\/pages"}],"about":[{"href":"https:\/\/villaicaria.com\/en\/wp-json\/wp\/v2\/types\/page"}],"author":[{"embeddable":true,"href":"https:\/\/villaicaria.com\/en\/wp-json\/wp\/v2\/users\/1"}],"replies":[{"embeddable":true,"href":"https:\/\/villaicaria.com\/en\/wp-json\/wp\/v2\/comments?post=491"}],"version-history":[{"count":6,"href":"https:\/\/villaicaria.com\/en\/wp-json\/wp\/v2\/pages\/491\/revisions"}],"predecessor-version":[{"id":527,"href":"https:\/\/villaicaria.com\/en\/wp-json\/wp\/v2\/pages\/491\/revisions\/527"}],"wp:attachment":[{"href":"https:\/\/villaicaria.com\/en\/wp-json\/wp\/v2\/media?parent=491"}],"curies":[{"name":"wp","href":"https:\/\/api.w.org\/{rel}","templated":true}]}}